{"id":13,"date":"2025-04-17T21:31:05","date_gmt":"2025-04-17T21:31:05","guid":{"rendered":"https:\/\/prefabbricatidalessandro-codalfa.it\/dalessandro\/?page_id=13"},"modified":"2026-04-08T12:34:29","modified_gmt":"2026-04-08T12:34:29","slug":"home","status":"publish","type":"page","link":"https:\/\/prefabbricatidalessandro-codalfa.it\/dalessandro\/","title":{"rendered":"home"},"content":{"rendered":"<p>[et_pb_section fb_built=&#8221;1&#8243; admin_label=&#8221;section&#8221; _builder_version=&#8221;4.16&#8243; custom_padding=&#8221;1px||7px|||&#8221; global_colors_info=&#8221;{}&#8221;][et_pb_row use_custom_gutter=&#8221;on&#8221; make_equal=&#8221;on&#8221; admin_label=&#8221;row&#8221; _builder_version=&#8221;4.27.4&#8243; background_size=&#8221;initial&#8221; background_position=&#8221;top_left&#8221; background_repeat=&#8221;repeat&#8221; width=&#8221;100%&#8221; max_width=&#8221;2560px&#8221; custom_padding=&#8221;5px|||||&#8221; global_colors_info=&#8221;{}&#8221;][et_pb_column type=&#8221;4_4&#8243; _builder_version=&#8221;4.16&#8243; custom_padding=&#8221;|||&#8221; global_colors_info=&#8221;{}&#8221; custom_padding__hover=&#8221;|||&#8221;][et_pb_code _builder_version=&#8221;4.27.4&#8243; _module_preset=&#8221;default&#8221; global_colors_info=&#8221;{}&#8221;]<video autoplay=\"autoplay\" loop=\"loop\" playsinline  muted defaultMuted oncontextmenu=\"return false;\" preload=\"auto\" id=\"myVideo\" ><!-- [et_pb_line_break_holder] --><source src=\"https:\/\/prefabbricatidalessandro-codalfa.it\/dalessandro\/wp-content\/uploads\/2025\/04\/VIDEO_DALESSANDRO.mp4\" type=\"video\/mp4\"><!-- [et_pb_line_break_holder] --><\/video>[\/et_pb_code][\/et_pb_column][\/et_pb_row][et_pb_row _builder_version=&#8221;4.27.4&#8243; _module_preset=&#8221;default&#8221; global_colors_info=&#8221;{}&#8221;][et_pb_column type=&#8221;4_4&#8243; _builder_version=&#8221;4.27.4&#8243; _module_preset=&#8221;default&#8221; global_colors_info=&#8221;{}&#8221;][et_pb_text _builder_version=&#8221;4.27.4&#8243; _module_preset=&#8221;default&#8221; header_2_text_align=&#8221;center&#8221; global_colors_info=&#8221;{}&#8221;]<\/p>\n<h1 style=\"text-align: center;\">PREFABBRICATI GARANTITI E &#8220;SU MISURA&#8221;<\/h1>\n<p>[\/et_pb_text][\/et_pb_column][\/et_pb_row][et_pb_row _builder_version=&#8221;4.27.4&#8243; _module_preset=&#8221;default&#8221; custom_padding=&#8221;||52px|||&#8221; global_colors_info=&#8221;{}&#8221;][et_pb_column type=&#8221;4_4&#8243; _builder_version=&#8221;4.27.4&#8243; _module_preset=&#8221;default&#8221; global_colors_info=&#8221;{}&#8221;][et_pb_text _builder_version=&#8221;4.27.4&#8243; _module_preset=&#8221;default&#8221; text_text_color=&#8221;#000000&#8243; text_font_size=&#8221;24px&#8221; text_line_height=&#8221;1.3em&#8221; text_orientation=&#8221;center&#8221; global_colors_info=&#8221;{}&#8221;]<\/p>\n<p>Dal 1970 ci impegniamo a realizzare ogni progetto con <strong>competenza<\/strong> e <strong>professionalit\u00e0<\/strong>, dando ad ogni prefabbricato la <strong>personalizzazione<\/strong> che merita.<\/p>\n<p>[\/et_pb_text][\/et_pb_column][\/et_pb_row][et_pb_row column_structure=&#8221;1_3,1_3,1_3&#8243; use_custom_gutter=&#8221;on&#8221; gutter_width=&#8221;2&#8243; make_equal=&#8221;on&#8221; _builder_version=&#8221;4.27.4&#8243; _module_preset=&#8221;default&#8221; width=&#8221;100%&#8221; max_width=&#8221;2560px&#8221; custom_padding=&#8221;||3px|||&#8221; global_colors_info=&#8221;{}&#8221;][et_pb_column type=&#8221;1_3&#8243; _builder_version=&#8221;4.27.4&#8243; _module_preset=&#8221;default&#8221; global_colors_info=&#8221;{}&#8221;][et_pb_image src=&#8221;https:\/\/prefabbricatidalessandro-codalfa.it\/dalessandro\/wp-content\/uploads\/2025\/05\/costruzioni-codalfa.jpg&#8221; title_text=&#8221;costruzioni-codalfa&#8221; _builder_version=&#8221;4.27.4&#8243; _module_preset=&#8221;default&#8221; global_colors_info=&#8221;{}&#8221;][\/et_pb_image][et_pb_image src=&#8221;https:\/\/prefabbricatidalessandro-codalfa.it\/dalessandro\/wp-content\/uploads\/2025\/05\/produzione1.jpeg&#8221; title_text=&#8221;produzione1&#8243; _builder_version=&#8221;4.27.4&#8243; _module_preset=&#8221;default&#8221; global_colors_info=&#8221;{}&#8221;][\/et_pb_image][\/et_pb_column][et_pb_column type=&#8221;1_3&#8243; _builder_version=&#8221;4.27.4&#8243; _module_preset=&#8221;default&#8221; global_colors_info=&#8221;{}&#8221;][et_pb_image src=&#8221;https:\/\/prefabbricatidalessandro-codalfa.it\/dalessandro\/wp-content\/uploads\/2025\/05\/costruzioni-chiavi-in-mano.jpg&#8221; title_text=&#8221;costruzioni-chiavi-in-mano&#8221; _builder_version=&#8221;4.27.4&#8243; _module_preset=&#8221;default&#8221; global_colors_info=&#8221;{}&#8221;][\/et_pb_image][\/et_pb_column][et_pb_column type=&#8221;1_3&#8243; _builder_version=&#8221;4.27.4&#8243; _module_preset=&#8221;default&#8221; global_colors_info=&#8221;{}&#8221;][et_pb_image src=&#8221;https:\/\/prefabbricatidalessandro-codalfa.it\/dalessandro\/wp-content\/uploads\/2025\/05\/codalfa-servizi.jpg&#8221; title_text=&#8221;codalfa servizi&#8221; _builder_version=&#8221;4.27.4&#8243; _module_preset=&#8221;default&#8221; global_colors_info=&#8221;{}&#8221;][\/et_pb_image][\/et_pb_column][\/et_pb_row][et_pb_row column_structure=&#8221;1_2,1_2&#8243; use_custom_gutter=&#8221;on&#8221; gutter_width=&#8221;1&#8243; make_equal=&#8221;on&#8221; _builder_version=&#8221;4.27.4&#8243; _module_preset=&#8221;default&#8221; width=&#8221;100%&#8221; max_width=&#8221;2560px&#8221; min_height=&#8221;526px&#8221; height=&#8221;526px&#8221; custom_padding=&#8221;0px||0px|||&#8221; global_colors_info=&#8221;{}&#8221;][et_pb_column type=&#8221;1_2&#8243; _builder_version=&#8221;4.27.4&#8243; _module_preset=&#8221;default&#8221; background_color=&#8221;#1959a6&#8243; background_enable_image=&#8221;off&#8221; global_colors_info=&#8221;{}&#8221;][et_pb_text _builder_version=&#8221;4.27.4&#8243; _module_preset=&#8221;default&#8221; text_text_color=&#8221;#FFFFFF&#8221; text_font_size=&#8221;16px&#8221; header_2_text_color=&#8221;#FFFFFF&#8221; custom_padding=&#8221;120px|120px||220px|false|false&#8221; global_colors_info=&#8221;{}&#8221;]<\/p>\n<h2><b>Esperienza e Innovazione <\/b><b>per Prefabbricati di valore<\/b><\/h2>\n<p style=\"text-align: justify;\">Siamo specializzati nella <strong>progettazione, produzione e montaggio di strutture prefabbricate<\/strong> di alta qualit\u00e0. Il nostro know-how ci permette di trovare <strong>soluzioni uniche<\/strong> per ogni cliente, realizzando <strong>strutture efficienti e durature.<\/strong><\/p>\n<p style=\"text-align: justify;\">La<strong> flessibilit\u00e0<\/strong> \u00e8 tra le qualit\u00e0 che maggiormente ci riconoscono, nonch\u00e9 l&#8217;approccio che ci consente d&#8217;interpretare\u00a0 ogni tipo di richiesta in modo <strong>innovativo e funzionale.<\/strong><\/p>\n<p>[\/et_pb_text][et_pb_button button_url=&#8221;https:\/\/prefabbricatidalessandro-codalfa.it\/dalessandro\/chi-siamo\/&#8221; button_text=&#8221;Scopri di pi\u00f9&#8221; button_alignment=&#8221;center&#8221; _builder_version=&#8221;4.27.4&#8243; _module_preset=&#8221;default&#8221; custom_button=&#8221;on&#8221; button_text_size=&#8221;16px&#8221; button_text_color=&#8221;#FFFFFF&#8221; custom_margin=&#8221;30px||||false|false&#8221; global_colors_info=&#8221;{}&#8221;][\/et_pb_button][\/et_pb_column][et_pb_column type=&#8221;1_2&#8243; _builder_version=&#8221;4.27.4&#8243; _module_preset=&#8221;default&#8221; background_color=&#8221;#abc910&#8243; background_enable_image=&#8221;off&#8221; global_colors_info=&#8221;{}&#8221;][et_pb_text _builder_version=&#8221;4.27.4&#8243; _module_preset=&#8221;default&#8221; text_text_color=&#8221;#666666&#8243; text_font_size=&#8221;17px&#8221; header_2_text_color=&#8221;#FFFFFF&#8221; custom_padding=&#8221;120px|120px||220px|false|false&#8221; global_colors_info=&#8221;{}&#8221;]<\/p>\n<h2 style=\"text-align: left;\">EDIFICI E STRUTTURE PREFABBRICATE PER OGNI SETTORE<\/h2>\n<h3 style=\"text-align: left;\"><b>Capannoni<\/b>, <b>edifici<\/b>\u00a0<b>per uso agricolo, stalle, cabine elettriche<\/b>, <b>stabilimenti balneari<\/b>, <b>villette e molto altro\u2026<\/b><\/h3>\n<p style=\"text-align: justify;\"><span style=\"color: #ffffff;\"><strong>Offriamo un\u2019ampia gamma di costruzioni, sia nel campo pubblico che privato, garantendo consegne affidabili e prodotti estremamente versatili, dalla progettazione iniziale al montaggio finale.<\/strong><\/span><\/p>\n<p>[\/et_pb_text][et_pb_button button_url=&#8221;https:\/\/prefabbricatidalessandro-codalfa.it\/dalessandro\/i-nostri-lavori\/&#8221; button_text=&#8221;Scopri di pi\u00f9&#8221; button_alignment=&#8221;center&#8221; _builder_version=&#8221;4.27.4&#8243; _module_preset=&#8221;default&#8221; custom_button=&#8221;on&#8221; button_text_size=&#8221;16px&#8221; button_text_color=&#8221;#FFFFFF&#8221; custom_margin=&#8221;30px||||false|false&#8221; global_colors_info=&#8221;{}&#8221;][\/et_pb_button][\/et_pb_column][\/et_pb_row][\/et_pb_section][et_pb_section fb_built=&#8221;1&#8243; _builder_version=&#8221;4.27.4&#8243; _module_preset=&#8221;default&#8221; custom_padding=&#8221;0px||1px|||&#8221; global_colors_info=&#8221;{}&#8221;][et_pb_row use_custom_gutter=&#8221;on&#8221; make_equal=&#8221;on&#8221; _builder_version=&#8221;4.27.4&#8243; _module_preset=&#8221;default&#8221; width=&#8221;100%&#8221; max_width=&#8221;2560px&#8221; custom_padding=&#8221;3px||0px|||&#8221; global_colors_info=&#8221;{}&#8221;][et_pb_column type=&#8221;4_4&#8243; _builder_version=&#8221;4.27.4&#8243; _module_preset=&#8221;default&#8221; global_colors_info=&#8221;{}&#8221;][et_pb_image src=&#8221;https:\/\/prefabbricatidalessandro-codalfa.it\/dalessandro\/wp-content\/uploads\/2025\/05\/footer_home.jpg&#8221; title_text=&#8221;footer_home&#8221; _builder_version=&#8221;4.27.4&#8243; _module_preset=&#8221;default&#8221; custom_margin=&#8221;-12px|||||&#8221; global_colors_info=&#8221;{}&#8221;][\/et_pb_image][\/et_pb_column][\/et_pb_row][\/et_pb_section]<\/p>\n","protected":false},"excerpt":{"rendered":"<p>PREFABBRICATI GARANTITI E &#8220;SU MISURA&#8221;Dal 1970 ci impegniamo a realizzare ogni progetto con competenza e professionalit\u00e0, dando ad ogni prefabbricato la personalizzazione che merita.Esperienza e Innovazione per Prefabbricati di valore Siamo specializzati nella progettazione, produzione e montaggio di strutture prefabbricate di alta qualit\u00e0. Il nostro know-how ci permette di trovare soluzioni uniche per ogni cliente, realizzando strutture efficienti e durature. La flessibilit\u00e0 \u00e8 tra le qualit\u00e0 che maggiormente ci riconoscono, nonch\u00e9 l&#8217;approccio che ci consente d&#8217;interpretare\u00a0 ogni tipo di richiesta in modo innovativo e funzionale.EDIFICI E STRUTTURE PREFABBRICATE PER OGNI SETTORE Capannoni, edifici\u00a0per uso agricolo, stalle, cabine elettriche, stabilimenti balneari, villette e molto altro\u2026 Offriamo un\u2019ampia gamma di costruzioni, sia nel campo pubblico che privato, garantendo consegne affidabili e prodotti estremamente versatili, dalla progettazione iniziale al montaggio finale.<\/p>\n","protected":false},"author":1,"featured_media":0,"parent":0,"menu_order":0,"comment_status":"closed","ping_status":"closed","template":"","meta":{"_et_pb_use_builder":"on","_et_pb_old_content":"","_et_gb_content_width":"","footnotes":""},"class_list":["post-13","page","type-page","status-publish","hentry"],"yoast_head":"<!-- This site is optimized with the Yoast SEO plugin v26.8 - https:\/\/yoast.com\/product\/yoast-seo-wordpress\/ -->\n<title>Prefabbricati in cemento armato | D&#039;Alessandro &amp; Codalfa \u2013 Marche<\/title>\n<meta name=\"description\" content=\"Cabine elettriche, stabilimenti balneari, capannoni industriali e agricoli. Progettazione, produzione e chiavi in mano, da oltre 40 anni.\" \/>\n<meta name=\"robots\" content=\"index, follow, max-snippet:-1, max-image-preview:large, max-video-preview:-1\" \/>\n<link rel=\"canonical\" href=\"https:\/\/prefabbricatidalessandro-codalfa.it\/dalessandro\/\" \/>\n<meta property=\"og:locale\" content=\"it_IT\" \/>\n<meta property=\"og:type\" content=\"article\" \/>\n<meta property=\"og:title\" content=\"Prefabbricati in cemento armato | D&#039;Alessandro &amp; Codalfa \u2013 Marche\" \/>\n<meta property=\"og:description\" content=\"Cabine elettriche, stabilimenti balneari, capannoni industriali e agricoli. Progettazione, produzione e chiavi in mano, da oltre 40 anni.\" \/>\n<meta property=\"og:url\" content=\"https:\/\/prefabbricatidalessandro-codalfa.it\/dalessandro\/\" \/>\n<meta property=\"og:site_name\" content=\"Prefabbricati D&#039;Alessandro\" \/>\n<meta property=\"article:modified_time\" content=\"2026-04-08T12:34:29+00:00\" \/>\n<meta name=\"twitter:card\" content=\"summary_large_image\" \/>\n<meta name=\"twitter:label1\" content=\"Tempo di lettura stimato\" \/>\n\t<meta name=\"twitter:data1\" content=\"2 minuti\" \/>\n<script type=\"application\/ld+json\" class=\"yoast-schema-graph\">{\"@context\":\"https:\/\/schema.org\",\"@graph\":[{\"@type\":\"WebPage\",\"@id\":\"https:\/\/prefabbricatidalessandro-codalfa.it\/dalessandro\/\",\"url\":\"https:\/\/prefabbricatidalessandro-codalfa.it\/dalessandro\/\",\"name\":\"Prefabbricati in cemento armato | D'Alessandro & Codalfa \u2013 Marche\",\"isPartOf\":{\"@id\":\"https:\/\/prefabbricatidalessandro-codalfa.it\/dalessandro\/#website\"},\"datePublished\":\"2025-04-17T21:31:05+00:00\",\"dateModified\":\"2026-04-08T12:34:29+00:00\",\"description\":\"Cabine elettriche, stabilimenti balneari, capannoni industriali e agricoli. Progettazione, produzione e chiavi in mano, da oltre 40 anni.\",\"breadcrumb\":{\"@id\":\"https:\/\/prefabbricatidalessandro-codalfa.it\/dalessandro\/#breadcrumb\"},\"inLanguage\":\"it-IT\",\"potentialAction\":[{\"@type\":\"ReadAction\",\"target\":[\"https:\/\/prefabbricatidalessandro-codalfa.it\/dalessandro\/\"]}]},{\"@type\":\"BreadcrumbList\",\"@id\":\"https:\/\/prefabbricatidalessandro-codalfa.it\/dalessandro\/#breadcrumb\",\"itemListElement\":[{\"@type\":\"ListItem\",\"position\":1,\"name\":\"Home\",\"item\":\"https:\/\/prefabbricatidalessandro-codalfa.it\/dalessandro\/\"},{\"@type\":\"ListItem\",\"position\":2,\"name\":\"home\"}]},{\"@type\":\"WebSite\",\"@id\":\"https:\/\/prefabbricatidalessandro-codalfa.it\/dalessandro\/#website\",\"url\":\"https:\/\/prefabbricatidalessandro-codalfa.it\/dalessandro\/\",\"name\":\"Prefabbricati D&#039;Alessandro\",\"description\":\"Prefabbricati agricoli, civili, industriali. Cabine elettriche e balneari.\",\"potentialAction\":[{\"@type\":\"SearchAction\",\"target\":{\"@type\":\"EntryPoint\",\"urlTemplate\":\"https:\/\/prefabbricatidalessandro-codalfa.it\/dalessandro\/?s={search_term_string}\"},\"query-input\":{\"@type\":\"PropertyValueSpecification\",\"valueRequired\":true,\"valueName\":\"search_term_string\"}}],\"inLanguage\":\"it-IT\"}]}<\/script>\n<!-- \/ Yoast SEO plugin. -->","yoast_head_json":{"title":"Prefabbricati in cemento armato | D'Alessandro & Codalfa \u2013 Marche","description":"Cabine elettriche, stabilimenti balneari, capannoni industriali e agricoli. Progettazione, produzione e chiavi in mano, da oltre 40 anni.","robots":{"index":"index","follow":"follow","max-snippet":"max-snippet:-1","max-image-preview":"max-image-preview:large","max-video-preview":"max-video-preview:-1"},"canonical":"https:\/\/prefabbricatidalessandro-codalfa.it\/dalessandro\/","og_locale":"it_IT","og_type":"article","og_title":"Prefabbricati in cemento armato | D'Alessandro & Codalfa \u2013 Marche","og_description":"Cabine elettriche, stabilimenti balneari, capannoni industriali e agricoli. Progettazione, produzione e chiavi in mano, da oltre 40 anni.","og_url":"https:\/\/prefabbricatidalessandro-codalfa.it\/dalessandro\/","og_site_name":"Prefabbricati D&#039;Alessandro","article_modified_time":"2026-04-08T12:34:29+00:00","twitter_card":"summary_large_image","twitter_misc":{"Tempo di lettura stimato":"2 minuti"},"schema":{"@context":"https:\/\/schema.org","@graph":[{"@type":"WebPage","@id":"https:\/\/prefabbricatidalessandro-codalfa.it\/dalessandro\/","url":"https:\/\/prefabbricatidalessandro-codalfa.it\/dalessandro\/","name":"Prefabbricati in cemento armato | D'Alessandro & Codalfa \u2013 Marche","isPartOf":{"@id":"https:\/\/prefabbricatidalessandro-codalfa.it\/dalessandro\/#website"},"datePublished":"2025-04-17T21:31:05+00:00","dateModified":"2026-04-08T12:34:29+00:00","description":"Cabine elettriche, stabilimenti balneari, capannoni industriali e agricoli. Progettazione, produzione e chiavi in mano, da oltre 40 anni.","breadcrumb":{"@id":"https:\/\/prefabbricatidalessandro-codalfa.it\/dalessandro\/#breadcrumb"},"inLanguage":"it-IT","potentialAction":[{"@type":"ReadAction","target":["https:\/\/prefabbricatidalessandro-codalfa.it\/dalessandro\/"]}]},{"@type":"BreadcrumbList","@id":"https:\/\/prefabbricatidalessandro-codalfa.it\/dalessandro\/#breadcrumb","itemListElement":[{"@type":"ListItem","position":1,"name":"Home","item":"https:\/\/prefabbricatidalessandro-codalfa.it\/dalessandro\/"},{"@type":"ListItem","position":2,"name":"home"}]},{"@type":"WebSite","@id":"https:\/\/prefabbricatidalessandro-codalfa.it\/dalessandro\/#website","url":"https:\/\/prefabbricatidalessandro-codalfa.it\/dalessandro\/","name":"Prefabbricati D&#039;Alessandro","description":"Prefabbricati agricoli, civili, industriali. Cabine elettriche e balneari.","potentialAction":[{"@type":"SearchAction","target":{"@type":"EntryPoint","urlTemplate":"https:\/\/prefabbricatidalessandro-codalfa.it\/dalessandro\/?s={search_term_string}"},"query-input":{"@type":"PropertyValueSpecification","valueRequired":true,"valueName":"search_term_string"}}],"inLanguage":"it-IT"}]}},"_links":{"self":[{"href":"https:\/\/prefabbricatidalessandro-codalfa.it\/dalessandro\/wp-json\/wp\/v2\/pages\/13","targetHints":{"allow":["GET"]}}],"collection":[{"href":"https:\/\/prefabbricatidalessandro-codalfa.it\/dalessandro\/wp-json\/wp\/v2\/pages"}],"about":[{"href":"https:\/\/prefabbricatidalessandro-codalfa.it\/dalessandro\/wp-json\/wp\/v2\/types\/page"}],"author":[{"embeddable":true,"href":"https:\/\/prefabbricatidalessandro-codalfa.it\/dalessandro\/wp-json\/wp\/v2\/users\/1"}],"replies":[{"embeddable":true,"href":"https:\/\/prefabbricatidalessandro-codalfa.it\/dalessandro\/wp-json\/wp\/v2\/comments?post=13"}],"version-history":[{"count":22,"href":"https:\/\/prefabbricatidalessandro-codalfa.it\/dalessandro\/wp-json\/wp\/v2\/pages\/13\/revisions"}],"predecessor-version":[{"id":454,"href":"https:\/\/prefabbricatidalessandro-codalfa.it\/dalessandro\/wp-json\/wp\/v2\/pages\/13\/revisions\/454"}],"wp:attachment":[{"href":"https:\/\/prefabbricatidalessandro-codalfa.it\/dalessandro\/wp-json\/wp\/v2\/media?parent=13"}],"curies":[{"name":"wp","href":"https:\/\/api.w.org\/{rel}","templated":true}]}}