{"id":16,"date":"2025-04-17T21:31:41","date_gmt":"2025-04-17T21:31:41","guid":{"rendered":"https:\/\/prefabbricatidalessandro-codalfa.it\/dalessandro\/?page_id=16"},"modified":"2025-06-30T16:39:16","modified_gmt":"2025-06-30T16:39:16","slug":"chi-siamo","status":"publish","type":"page","link":"https:\/\/prefabbricatidalessandro-codalfa.it\/dalessandro\/chi-siamo\/","title":{"rendered":"Chi siamo"},"content":{"rendered":"<p>[et_pb_section fb_built=&#8221;1&#8243; admin_label=&#8221;Header&#8221; _builder_version=&#8221;4.27.4&#8243; _module_preset=&#8221;default&#8221; background_enable_image=&#8221;off&#8221; parallax=&#8221;on&#8221; custom_padding=&#8221;0vw||0vw||true|false&#8221; collapsed=&#8221;on&#8221; global_colors_info=&#8221;{}&#8221;][et_pb_row use_custom_gutter=&#8221;on&#8221; make_equal=&#8221;on&#8221; _builder_version=&#8221;4.27.4&#8243; _module_preset=&#8221;default&#8221; width=&#8221;100%&#8221; max_width=&#8221;2560px&#8221; custom_padding=&#8221;3px||0px|||&#8221; locked=&#8221;off&#8221; global_colors_info=&#8221;{}&#8221;][et_pb_column type=&#8221;4_4&#8243; _builder_version=&#8221;4.27.4&#8243; _module_preset=&#8221;default&#8221; global_colors_info=&#8221;{}&#8221;][et_pb_image src=&#8221;https:\/\/prefabbricatidalessandro-codalfa.it\/dalessandro\/wp-content\/uploads\/2025\/05\/i-nostri-valori-2.jpg&#8221; title_text=&#8221;i-nostri-valori-2&#8243; _builder_version=&#8221;4.27.4&#8243; _module_preset=&#8221;default&#8221; global_colors_info=&#8221;{}&#8221;][\/et_pb_image][\/et_pb_column][\/et_pb_row][\/et_pb_section][et_pb_section fb_built=&#8221;1&#8243; admin_label=&#8221;Video&#8221; _builder_version=&#8221;4.27.4&#8243; _module_preset=&#8221;default&#8221; background_color=&#8221;gcid-c2e9b643-6fa1-4310-9c9b-bd34c0e5f1b3&#8243; custom_padding=&#8221;27px||0px||false|false&#8221; saved_tabs=&#8221;all&#8221; collapsed=&#8221;on&#8221; global_colors_info=&#8221;{%22gcid-c2e9b643-6fa1-4310-9c9b-bd34c0e5f1b3%22:%91%22background_color%22%93}&#8221;][et_pb_row admin_label=&#8221;Video Row&#8221; _builder_version=&#8221;4.21.0&#8243; _module_preset=&#8221;default&#8221; max_width=&#8221;600px&#8221; custom_padding=&#8221;4px|||||&#8221; global_colors_info=&#8221;{}&#8221;][et_pb_column type=&#8221;4_4&#8243; _builder_version=&#8221;4.16&#8243; _module_preset=&#8221;default&#8221; custom_padding=&#8221;|||&#8221; global_colors_info=&#8221;{}&#8221; custom_padding__hover=&#8221;|||&#8221;][et_pb_text admin_label=&#8221;Tittle&#8221; _builder_version=&#8221;4.27.4&#8243; _module_preset=&#8221;ab2547db-0d98-4ae5-aabe-2155a0a9ad84&#8243; text_font_size=&#8221;38px&#8221; text_line_height=&#8221;1.2em&#8221; header_font=&#8221;&#8211;et_global_heading_font||||||||&#8221; header_2_font=&#8221;&#8211;et_global_heading_font|||on|||||&#8221; header_2_text_color=&#8221;#FFFFFF&#8221; text_orientation=&#8221;center&#8221; background_layout=&#8221;dark&#8221; custom_margin=&#8221;||10px||false|false&#8221; global_colors_info=&#8221;{}&#8221;]<\/p>\n<h1>PREFABBRICATI D&#8217;ALESSANDRO:<\/h1>\n<h1>50 ANNI DI COSTRUZIONI SU MISURA<\/h1>\n<p>[\/et_pb_text][et_pb_text disabled_on=&#8221;off|off|off&#8221; admin_label=&#8221;texts&#8221; _builder_version=&#8221;4.27.4&#8243; _module_preset=&#8221;03066cd5-1fd7-4249-9733-75eccbf8c3bb&#8221; text_font=&#8221;&#8211;et_global_body_font||||||||&#8221; text_text_color=&#8221;#ffffff&#8221; text_font_size=&#8221;19px&#8221; text_orientation=&#8221;center&#8221; max_width_tablet=&#8221;&#8221; max_width_phone=&#8221;&#8221; max_width_last_edited=&#8221;on|phone&#8221; global_colors_info=&#8221;{}&#8221;]<\/p>\n<p>Da oltre 50 anni trasformiamo idee in realt\u00e0, offrendo <b>soluzioni prefabbricate in cemento armato e calcestruzzo <\/b>che combinano qualit\u00e0, ricerca e massima personalizzazione.<\/p>\n<p>[\/et_pb_text][\/et_pb_column][\/et_pb_row][\/et_pb_section][et_pb_section fb_built=&#8221;1&#8243; admin_label=&#8221;About&#8221; _builder_version=&#8221;4.21.0&#8243; _module_preset=&#8221;default&#8221; background_color_gradient_direction=&#8221;90deg&#8221; custom_padding=&#8221;0px||0px||true|false&#8221; collapsed=&#8221;on&#8221; global_colors_info=&#8221;{}&#8221;][et_pb_row column_structure=&#8221;1_2,1_2&#8243; use_custom_gutter=&#8221;on&#8221; gutter_width=&#8221;1&#8243; make_equal=&#8221;on&#8221; admin_label=&#8221;Best Beans Row&#8221; module_class=&#8221; et_pb_row_fullwidth&#8221; _builder_version=&#8221;4.27.4&#8243; _module_preset=&#8221;default&#8221; width=&#8221;100%&#8221; max_width=&#8221;none&#8221; custom_margin=&#8221;|||&#8221; custom_padding=&#8221;0px||0px||false|false&#8221; make_fullwidth=&#8221;on&#8221; global_colors_info=&#8221;{}&#8221;][et_pb_column type=&#8221;1_2&#8243; _builder_version=&#8221;4.21.0&#8243; _module_preset=&#8221;default&#8221; custom_padding=&#8221;8%|8%|8%|8%|true|true&#8221; global_colors_info=&#8221;{}&#8221; custom_padding__hover=&#8221;|||&#8221;][et_pb_text _builder_version=&#8221;4.27.4&#8243; _module_preset=&#8221;ab2547db-0d98-4ae5-aabe-2155a0a9ad84&#8243; header_2_font=&#8221;&#8211;et_global_heading_font|||on|||||&#8221; custom_margin=&#8221;||10px||false|false&#8221; global_colors_info=&#8221;{}&#8221;]<\/p>\n<h2>Prefabbricati per uso pubblico e privato<\/h2>\n<p>[\/et_pb_text][et_pb_text _builder_version=&#8221;4.27.4&#8243; _module_preset=&#8221;03066cd5-1fd7-4249-9733-75eccbf8c3bb&#8221; text_font=&#8221;&#8211;et_global_body_font||||||||&#8221; custom_margin=&#8221;||30px||false|false&#8221; global_colors_info=&#8221;{}&#8221;]<\/p>\n<p style=\"text-align: justify;\">Realizziamo prefabbricati di tutti i tipi, con particolare focus sui <b>capannoni industriali, strutture agricole o zootecniche, cabine elettriche ed edifici residenziali. <\/b>In ogni lavoro ci sforziamo di sperimentare soluzioni sempre originali, affiancando l&#8217;<strong>innovazione<\/strong> all&#8217;<strong>esperienza<\/strong> sul campo.<\/p>\n<p>[\/et_pb_text][\/et_pb_column][et_pb_column type=&#8221;1_2&#8243; _builder_version=&#8221;4.27.4&#8243; _module_preset=&#8221;default&#8221; background_image=&#8221;https:\/\/prefabbricatidalessandro-codalfa.it\/dalessandro\/wp-content\/uploads\/2025\/05\/prefabbricaTI-di-valore-marche.jpg&#8221; custom_padding=&#8221;|||&#8221; global_colors_info=&#8221;{}&#8221; custom_padding__hover=&#8221;|||&#8221;][et_pb_divider show_divider=&#8221;off&#8221; _builder_version=&#8221;4.21.0&#8243; _module_preset=&#8221;default&#8221; height_tablet=&#8221;40vw&#8221; height_phone=&#8221;40vw&#8221; height_last_edited=&#8221;on|desktop&#8221; global_colors_info=&#8221;{}&#8221;][\/et_pb_divider][\/et_pb_column][\/et_pb_row][\/et_pb_section][et_pb_section fb_built=&#8221;1&#8243; admin_label=&#8221;Call to Action&#8221; _builder_version=&#8221;4.27.4&#8243; _module_preset=&#8221;default&#8221; background_image=&#8221;https:\/\/prefabbricatidalessandro-codalfa.it\/dalessandro\/wp-content\/uploads\/2025\/05\/section-bg-10-1.jpg&#8221; custom_margin=&#8221;|||&#8221; custom_padding=&#8221;8vw||8vw||true|false&#8221; background_last_edited=&#8221;on|tablet&#8221; use_background_color_gradient_tablet=&#8221;on&#8221; background_color_gradient_type_tablet=&#8221;circular&#8221; background_color_gradient_direction_radial_tablet=&#8221;bottom left&#8221; background_color_gradient_stops_tablet=&#8221;rgba(255,255,255,0.8) 40%|rgba(255,255,255,0) 100%&#8221; background_color_gradient_overlays_image_tablet=&#8221;on&#8221; collapsed=&#8221;on&#8221; global_colors_info=&#8221;{}&#8221;][et_pb_row column_structure=&#8221;1_2,1_2&#8243; module_class=&#8221; et_pb_row_fullwidth&#8221; _builder_version=&#8221;4.21.0&#8243; _module_preset=&#8221;default&#8221; make_fullwidth=&#8221;on&#8221; global_colors_info=&#8221;{}&#8221;][et_pb_column type=&#8221;1_2&#8243; _builder_version=&#8221;4.16&#8243; _module_preset=&#8221;default&#8221; custom_padding=&#8221;|||&#8221; global_colors_info=&#8221;{}&#8221; custom_padding__hover=&#8221;|||&#8221;][\/et_pb_column][et_pb_column type=&#8221;1_2&#8243; _builder_version=&#8221;4.16&#8243; _module_preset=&#8221;default&#8221; custom_padding=&#8221;|||&#8221; global_colors_info=&#8221;{}&#8221; custom_padding__hover=&#8221;|||&#8221;][et_pb_text _builder_version=&#8221;4.27.4&#8243; _module_preset=&#8221;ab2547db-0d98-4ae5-aabe-2155a0a9ad84&#8243; header_2_font=&#8221;&#8211;et_global_heading_font|||on|||||&#8221; header_2_text_color=&#8221;#FFFFFF&#8221; custom_margin=&#8221;||10px||false|false&#8221; global_colors_info=&#8221;{}&#8221;]<\/p>\n<h2>La nostra offerta<\/h2>\n<p>[\/et_pb_text][et_pb_text _builder_version=&#8221;4.27.4&#8243; _module_preset=&#8221;03066cd5-1fd7-4249-9733-75eccbf8c3bb&#8221; text_font=&#8221;&#8211;et_global_body_font||||||||&#8221; text_text_color=&#8221;#FFFFFF&#8221; text_line_height=&#8221;2em&#8221; background_layout=&#8221;dark&#8221; global_colors_info=&#8221;{}&#8221;]<\/p>\n<p style=\"text-align: justify;\">La nostra forza sta nella <b>versatilit\u00e0 dell&#8217;impianto produttivo<\/b> e nella capacit\u00e0 di <b>interpretare ogni progetto in modo unico<\/b>. Che si tratti di capannoni industriali, quanto di vasche di contenimento, sappiamo adattarci alle esigenze specifiche dei nostri clienti, creando prefabbricati personalizzati, in linea con le richieste e in tempi da record.<\/p>\n<h3 style=\"text-align: justify;\"><b><\/b><\/h3>\n<h3 style=\"text-align: justify;\"><b><\/b><\/h3>\n<h3 style=\"text-align: justify;\"><b><\/b><\/h3>\n<h3 style=\"text-align: justify;\"><b>Cosa possiamo offrirti?<\/b><\/h3>\n<ul>\n<li style=\"text-align: justify;\"><b>Un team di esperti, <\/b>che lavora con passione e competenza per garantirti il meglio.<\/li>\n<li style=\"text-align: justify;\"><b>Materiali certificati e costruzioni sicure<\/b>, che rispettano i pi\u00f9 alti standard qualitativi.<\/li>\n<li style=\"text-align: justify;\"><b>Velocit\u00e0 e flessibilit\u00e0 <\/b>dal progetto alla consegna chiavi in mano, ottimizzando tempi e risorse.<\/li>\n<\/ul>\n<p>[\/et_pb_text][\/et_pb_column][\/et_pb_row][\/et_pb_section][et_pb_section fb_built=&#8221;1&#8243; admin_label=&#8221;Gallery&#8221; _builder_version=&#8221;4.21.0&#8243; _module_preset=&#8221;default&#8221; background_color_gradient_direction=&#8221;90deg&#8221; custom_padding=&#8221;0px||0px||false|false&#8221; locked=&#8221;off&#8221; collapsed=&#8221;on&#8221; global_colors_info=&#8221;{}&#8221;][et_pb_row column_structure=&#8221;1_3,1_3,1_3&#8243; use_custom_gutter=&#8221;on&#8221; gutter_width=&#8221;1&#8243; make_equal=&#8221;on&#8221; _builder_version=&#8221;4.27.4&#8243; _module_preset=&#8221;default&#8221; width=&#8221;100%&#8221; max_width=&#8221;2560px&#8221; min_height=&#8221;526px&#8221; height=&#8221;526px&#8221; custom_padding=&#8221;0px||0px|||&#8221; locked=&#8221;off&#8221; global_colors_info=&#8221;{}&#8221;][et_pb_column type=&#8221;1_3&#8243; _builder_version=&#8221;4.27.4&#8243; _module_preset=&#8221;default&#8221; background_color=&#8221;#1959a6&#8243; background_image=&#8221;https:\/\/prefabbricatidalessandro-codalfa.it\/dalessandro\/wp-content\/uploads\/2025\/05\/produzione1.jpeg&#8221; global_colors_info=&#8221;{}&#8221;][et_pb_text _builder_version=&#8221;4.27.4&#8243; _module_preset=&#8221;default&#8221; text_text_color=&#8221;#FFFFFF&#8221; text_font_size=&#8221;16px&#8221; header_text_align=&#8221;center&#8221; header_2_text_align=&#8221;center&#8221; header_2_text_color=&#8221;#FFFFFF&#8221; custom_padding=&#8221;120px|20px||20px|false|false&#8221; global_colors_info=&#8221;{}&#8221;]<\/p>\n<h2>prefabbricati: scelta di valore<\/h2>\n<p style=\"text-align: center;\">Costruzioni che guardano al futuro<\/p>\n<p>[\/et_pb_text][et_pb_button button_url=&#8221;https:\/\/prefabbricatidalessandro-codalfa.it\/dalessandro\/prefabbricati-di-valore-2\/&#8221; button_text=&#8221;Scopri di pi\u00f9&#8221; button_alignment=&#8221;center&#8221; _builder_version=&#8221;4.27.4&#8243; _module_preset=&#8221;default&#8221; custom_button=&#8221;on&#8221; button_text_size=&#8221;16px&#8221; button_text_color=&#8221;#FFFFFF&#8221; custom_margin=&#8221;30px||||false|false&#8221; global_colors_info=&#8221;{}&#8221;][\/et_pb_button][\/et_pb_column][et_pb_column type=&#8221;1_3&#8243; _builder_version=&#8221;4.27.4&#8243; _module_preset=&#8221;default&#8221; background_color=&#8221;#abc910&#8243; background_image=&#8221;https:\/\/prefabbricatidalessandro-codalfa.it\/dalessandro\/wp-content\/uploads\/2025\/05\/prefabbricati-dalessandro.jpg&#8221; global_colors_info=&#8221;{}&#8221;][et_pb_text _builder_version=&#8221;4.27.4&#8243; _module_preset=&#8221;default&#8221; text_text_color=&#8221;#FFFFFF&#8221; text_font_size=&#8221;16px&#8221; header_text_align=&#8221;center&#8221; header_2_text_align=&#8221;center&#8221; header_2_text_color=&#8221;#FFFFFF&#8221; custom_padding=&#8221;120px|20px||20px|false|false&#8221; locked=&#8221;off&#8221; global_colors_info=&#8221;{}&#8221;]<\/p>\n<h2>ricerca e sviluppo<\/h2>\n<p style=\"text-align: center;\">I segni di riconoscimento dei nostri prefabbricati<\/p>\n<p>[\/et_pb_text][et_pb_button button_url=&#8221;https:\/\/prefabbricatidalessandro-codalfa.it\/dalessandro\/i-nostri-lavori\/&#8221; button_text=&#8221;Guarda il catalogo&#8221; button_alignment=&#8221;center&#8221; _builder_version=&#8221;4.27.4&#8243; _module_preset=&#8221;default&#8221; custom_button=&#8221;on&#8221; button_text_size=&#8221;16px&#8221; button_text_color=&#8221;#0C71C3&#8243; custom_margin=&#8221;30px||||false|false&#8221; locked=&#8221;off&#8221; global_colors_info=&#8221;{}&#8221;][\/et_pb_button][\/et_pb_column][et_pb_column type=&#8221;1_3&#8243; _builder_version=&#8221;4.27.4&#8243; _module_preset=&#8221;default&#8221; background_color=&#8221;#abc910&#8243; background_image=&#8221;https:\/\/prefabbricatidalessandro-codalfa.it\/dalessandro\/wp-content\/uploads\/2025\/05\/costruzioni-cabine-elettriche.jpg&#8221; global_colors_info=&#8221;{}&#8221;][et_pb_text _builder_version=&#8221;4.27.4&#8243; _module_preset=&#8221;default&#8221; text_text_color=&#8221;#FFFFFF&#8221; text_font_size=&#8221;16px&#8221; header_text_align=&#8221;center&#8221; header_2_text_align=&#8221;center&#8221; header_2_text_color=&#8221;#FFFFFF&#8221; custom_padding=&#8221;120px|20px||20px|false|false&#8221; locked=&#8221;off&#8221; global_colors_info=&#8221;{}&#8221;]<\/p>\n<h2>COSTRUZIONE E SUPERVISIONE<\/h2>\n<p style=\"text-align: center;\">Due aziende partner a disposizione e un solo contratto<\/p>\n<p>[\/et_pb_text][et_pb_button button_url=&#8221;https:\/\/codalfa.prefabbricatidalessandro-codalfa.it\/il-nostro-plus\/&#8221; button_text=&#8221;Scopri la formula %22ALL IN%22&#8243; button_alignment=&#8221;center&#8221; _builder_version=&#8221;4.27.4&#8243; _module_preset=&#8221;default&#8221; custom_button=&#8221;on&#8221; button_text_size=&#8221;16px&#8221; button_text_color=&#8221;#FFFFFF&#8221; custom_margin=&#8221;30px||||false|false&#8221; locked=&#8221;off&#8221; global_colors_info=&#8221;{}&#8221;][\/et_pb_button][\/et_pb_column][\/et_pb_row][\/et_pb_section]<\/p>\n","protected":false},"excerpt":{"rendered":"<p>PREFABBRICATI D&#8217;ALESSANDRO: 50 ANNI DI COSTRUZIONI SU MISURADa oltre 50 anni trasformiamo idee in realt\u00e0, offrendo soluzioni prefabbricate in cemento armato e calcestruzzo che combinano qualit\u00e0, ricerca e massima personalizzazione.Prefabbricati per uso pubblico e privatoRealizziamo prefabbricati di tutti i tipi, con particolare focus sui capannoni industriali, strutture agricole o zootecniche, cabine elettriche ed edifici residenziali. In ogni lavoro ci sforziamo di sperimentare soluzioni sempre originali, affiancando l&#8217;innovazione all&#8217;esperienza sul campo.La nostra offertaLa nostra forza sta nella versatilit\u00e0 dell&#8217;impianto produttivo e nella capacit\u00e0 di interpretare ogni progetto in modo unico. Che si tratti di capannoni industriali, quanto di vasche di contenimento, sappiamo adattarci alle esigenze specifiche dei nostri clienti, creando prefabbricati personalizzati, in linea con le richieste e in tempi da record. Cosa possiamo offrirti? Un team di esperti, che lavora con passione e competenza per garantirti il meglio. Materiali certificati e costruzioni sicure, che rispettano i pi\u00f9 alti standard qualitativi. Velocit\u00e0 e flessibilit\u00e0 dal progetto alla consegna chiavi in mano, ottimizzando tempi e risorse. prefabbricati: scelta di valore Costruzioni che guardano al futuroricerca e sviluppo I segni di riconoscimento dei nostri prefabbricatiCOSTRUZIONE E SUPERVISIONE Due aziende partner a disposizione e un solo contratto<\/p>\n","protected":false},"author":1,"featured_media":0,"parent":0,"menu_order":0,"comment_status":"closed","ping_status":"closed","template":"","meta":{"_et_pb_use_builder":"on","_et_pb_old_content":"","_et_gb_content_width":"","footnotes":""},"class_list":["post-16","page","type-page","status-publish","hentry"],"yoast_head":"<!-- This site is optimized with the Yoast SEO plugin v26.8 - https:\/\/yoast.com\/product\/yoast-seo-wordpress\/ -->\n<title>Chi siamo - Prefabbricati D&#039;Alessandro<\/title>\n<meta name=\"description\" content=\"Da 50 anni realizziamo prefabbricati su misura e offriamo soluzioni personalizzate per ogni destinazione d&#039;uso.\" \/>\n<meta name=\"robots\" content=\"index, follow, max-snippet:-1, max-image-preview:large, max-video-preview:-1\" \/>\n<link rel=\"canonical\" href=\"https:\/\/prefabbricatidalessandro-codalfa.it\/dalessandro\/chi-siamo\/\" \/>\n<meta property=\"og:locale\" content=\"it_IT\" \/>\n<meta property=\"og:type\" content=\"article\" \/>\n<meta property=\"og:title\" content=\"Chi siamo - Prefabbricati D&#039;Alessandro\" \/>\n<meta property=\"og:description\" content=\"Da 50 anni realizziamo prefabbricati su misura e offriamo soluzioni personalizzate per ogni destinazione d&#039;uso.\" \/>\n<meta property=\"og:url\" content=\"https:\/\/prefabbricatidalessandro-codalfa.it\/dalessandro\/chi-siamo\/\" \/>\n<meta property=\"og:site_name\" content=\"Prefabbricati D&#039;Alessandro\" \/>\n<meta property=\"article:modified_time\" content=\"2025-06-30T16:39:16+00:00\" \/>\n<meta name=\"twitter:card\" content=\"summary_large_image\" \/>\n<meta name=\"twitter:label1\" content=\"Tempo di lettura stimato\" \/>\n\t<meta name=\"twitter:data1\" content=\"2 minuti\" \/>\n<script type=\"application\/ld+json\" class=\"yoast-schema-graph\">{\"@context\":\"https:\/\/schema.org\",\"@graph\":[{\"@type\":\"WebPage\",\"@id\":\"https:\/\/prefabbricatidalessandro-codalfa.it\/dalessandro\/chi-siamo\/\",\"url\":\"https:\/\/prefabbricatidalessandro-codalfa.it\/dalessandro\/chi-siamo\/\",\"name\":\"Chi siamo - Prefabbricati D&#039;Alessandro\",\"isPartOf\":{\"@id\":\"https:\/\/prefabbricatidalessandro-codalfa.it\/dalessandro\/#website\"},\"datePublished\":\"2025-04-17T21:31:41+00:00\",\"dateModified\":\"2025-06-30T16:39:16+00:00\",\"description\":\"Da 50 anni realizziamo prefabbricati su misura e offriamo soluzioni personalizzate per ogni destinazione d'uso.\",\"breadcrumb\":{\"@id\":\"https:\/\/prefabbricatidalessandro-codalfa.it\/dalessandro\/chi-siamo\/#breadcrumb\"},\"inLanguage\":\"it-IT\",\"potentialAction\":[{\"@type\":\"ReadAction\",\"target\":[\"https:\/\/prefabbricatidalessandro-codalfa.it\/dalessandro\/chi-siamo\/\"]}]},{\"@type\":\"BreadcrumbList\",\"@id\":\"https:\/\/prefabbricatidalessandro-codalfa.it\/dalessandro\/chi-siamo\/#breadcrumb\",\"itemListElement\":[{\"@type\":\"ListItem\",\"position\":1,\"name\":\"Home\",\"item\":\"https:\/\/prefabbricatidalessandro-codalfa.it\/dalessandro\/\"},{\"@type\":\"ListItem\",\"position\":2,\"name\":\"Chi siamo\"}]},{\"@type\":\"WebSite\",\"@id\":\"https:\/\/prefabbricatidalessandro-codalfa.it\/dalessandro\/#website\",\"url\":\"https:\/\/prefabbricatidalessandro-codalfa.it\/dalessandro\/\",\"name\":\"Prefabbricati D&#039;Alessandro\",\"description\":\"Prefabbricati agricoli, civili, industriali. Cabine elettriche e balneari.\",\"potentialAction\":[{\"@type\":\"SearchAction\",\"target\":{\"@type\":\"EntryPoint\",\"urlTemplate\":\"https:\/\/prefabbricatidalessandro-codalfa.it\/dalessandro\/?s={search_term_string}\"},\"query-input\":{\"@type\":\"PropertyValueSpecification\",\"valueRequired\":true,\"valueName\":\"search_term_string\"}}],\"inLanguage\":\"it-IT\"}]}<\/script>\n<!-- \/ Yoast SEO plugin. -->","yoast_head_json":{"title":"Chi siamo - Prefabbricati D&#039;Alessandro","description":"Da 50 anni realizziamo prefabbricati su misura e offriamo soluzioni personalizzate per ogni destinazione d'uso.","robots":{"index":"index","follow":"follow","max-snippet":"max-snippet:-1","max-image-preview":"max-image-preview:large","max-video-preview":"max-video-preview:-1"},"canonical":"https:\/\/prefabbricatidalessandro-codalfa.it\/dalessandro\/chi-siamo\/","og_locale":"it_IT","og_type":"article","og_title":"Chi siamo - Prefabbricati D&#039;Alessandro","og_description":"Da 50 anni realizziamo prefabbricati su misura e offriamo soluzioni personalizzate per ogni destinazione d'uso.","og_url":"https:\/\/prefabbricatidalessandro-codalfa.it\/dalessandro\/chi-siamo\/","og_site_name":"Prefabbricati D&#039;Alessandro","article_modified_time":"2025-06-30T16:39:16+00:00","twitter_card":"summary_large_image","twitter_misc":{"Tempo di lettura stimato":"2 minuti"},"schema":{"@context":"https:\/\/schema.org","@graph":[{"@type":"WebPage","@id":"https:\/\/prefabbricatidalessandro-codalfa.it\/dalessandro\/chi-siamo\/","url":"https:\/\/prefabbricatidalessandro-codalfa.it\/dalessandro\/chi-siamo\/","name":"Chi siamo - Prefabbricati D&#039;Alessandro","isPartOf":{"@id":"https:\/\/prefabbricatidalessandro-codalfa.it\/dalessandro\/#website"},"datePublished":"2025-04-17T21:31:41+00:00","dateModified":"2025-06-30T16:39:16+00:00","description":"Da 50 anni realizziamo prefabbricati su misura e offriamo soluzioni personalizzate per ogni destinazione d'uso.","breadcrumb":{"@id":"https:\/\/prefabbricatidalessandro-codalfa.it\/dalessandro\/chi-siamo\/#breadcrumb"},"inLanguage":"it-IT","potentialAction":[{"@type":"ReadAction","target":["https:\/\/prefabbricatidalessandro-codalfa.it\/dalessandro\/chi-siamo\/"]}]},{"@type":"BreadcrumbList","@id":"https:\/\/prefabbricatidalessandro-codalfa.it\/dalessandro\/chi-siamo\/#breadcrumb","itemListElement":[{"@type":"ListItem","position":1,"name":"Home","item":"https:\/\/prefabbricatidalessandro-codalfa.it\/dalessandro\/"},{"@type":"ListItem","position":2,"name":"Chi siamo"}]},{"@type":"WebSite","@id":"https:\/\/prefabbricatidalessandro-codalfa.it\/dalessandro\/#website","url":"https:\/\/prefabbricatidalessandro-codalfa.it\/dalessandro\/","name":"Prefabbricati D&#039;Alessandro","description":"Prefabbricati agricoli, civili, industriali. Cabine elettriche e balneari.","potentialAction":[{"@type":"SearchAction","target":{"@type":"EntryPoint","urlTemplate":"https:\/\/prefabbricatidalessandro-codalfa.it\/dalessandro\/?s={search_term_string}"},"query-input":{"@type":"PropertyValueSpecification","valueRequired":true,"valueName":"search_term_string"}}],"inLanguage":"it-IT"}]}},"_links":{"self":[{"href":"https:\/\/prefabbricatidalessandro-codalfa.it\/dalessandro\/wp-json\/wp\/v2\/pages\/16","targetHints":{"allow":["GET"]}}],"collection":[{"href":"https:\/\/prefabbricatidalessandro-codalfa.it\/dalessandro\/wp-json\/wp\/v2\/pages"}],"about":[{"href":"https:\/\/prefabbricatidalessandro-codalfa.it\/dalessandro\/wp-json\/wp\/v2\/types\/page"}],"author":[{"embeddable":true,"href":"https:\/\/prefabbricatidalessandro-codalfa.it\/dalessandro\/wp-json\/wp\/v2\/users\/1"}],"replies":[{"embeddable":true,"href":"https:\/\/prefabbricatidalessandro-codalfa.it\/dalessandro\/wp-json\/wp\/v2\/comments?post=16"}],"version-history":[{"count":15,"href":"https:\/\/prefabbricatidalessandro-codalfa.it\/dalessandro\/wp-json\/wp\/v2\/pages\/16\/revisions"}],"predecessor-version":[{"id":464,"href":"https:\/\/prefabbricatidalessandro-codalfa.it\/dalessandro\/wp-json\/wp\/v2\/pages\/16\/revisions\/464"}],"wp:attachment":[{"href":"https:\/\/prefabbricatidalessandro-codalfa.it\/dalessandro\/wp-json\/wp\/v2\/media?parent=16"}],"curies":[{"name":"wp","href":"https:\/\/api.w.org\/{rel}","templated":true}]}}