{"id":24,"date":"2025-04-17T21:33:57","date_gmt":"2025-04-17T21:33:57","guid":{"rendered":"https:\/\/prefabbricatidalessandro-codalfa.it\/dalessandro\/?page_id=24"},"modified":"2026-01-27T13:30:26","modified_gmt":"2026-01-27T13:30:26","slug":"qualita-e-sicurezza","status":"publish","type":"page","link":"https:\/\/prefabbricatidalessandro-codalfa.it\/dalessandro\/qualita-e-sicurezza\/","title":{"rendered":"qualit\u00e0 e sicurezza"},"content":{"rendered":"<p>[et_pb_section fb_built=&#8221;1&#8243; _builder_version=&#8221;4.27.4&#8243; _module_preset=&#8221;default&#8221; custom_padding=&#8221;3px|||||&#8221; global_colors_info=&#8221;{}&#8221;][et_pb_row use_custom_gutter=&#8221;on&#8221; make_equal=&#8221;on&#8221; _builder_version=&#8221;4.27.4&#8243; _module_preset=&#8221;default&#8221; width=&#8221;100%&#8221; max_width=&#8221;2560px&#8221; custom_padding=&#8221;3px|||||&#8221; global_colors_info=&#8221;{}&#8221;][et_pb_column type=&#8221;4_4&#8243; _builder_version=&#8221;4.27.4&#8243; _module_preset=&#8221;default&#8221; global_colors_info=&#8221;{}&#8221;][et_pb_image src=&#8221;https:\/\/prefabbricatidalessandro-codalfa.it\/dalessandro\/wp-content\/uploads\/2025\/04\/certificazioni.jpg&#8221; title_text=&#8221;certificazioni&#8221; _builder_version=&#8221;4.27.4&#8243; _module_preset=&#8221;default&#8221; global_colors_info=&#8221;{}&#8221;][\/et_pb_image][\/et_pb_column][\/et_pb_row][et_pb_row _builder_version=&#8221;4.27.4&#8243; _module_preset=&#8221;default&#8221; global_colors_info=&#8221;{}&#8221;][et_pb_column type=&#8221;4_4&#8243; _builder_version=&#8221;4.27.4&#8243; _module_preset=&#8221;default&#8221; global_colors_info=&#8221;{}&#8221;][et_pb_text _builder_version=&#8221;4.27.4&#8243; _module_preset=&#8221;default&#8221; text_font_size=&#8221;17px&#8221; global_colors_info=&#8221;{}&#8221;]<\/p>\n<h1 style=\"text-align: center;\"><b>CERTIFICAZIONI PREFABBRICATI IN CEMENTO: <\/b><\/h1>\n<h1 style=\"text-align: center;\"><b>GARANZIA DI SICUREZZA E QUALIT\u00c0<\/b><\/h1>\n<p style=\"text-align: justify;\">Nel settore dei prefabbricati in cemento, le certificazioni rappresentano un elemento imprescindibile per garantire la conformit\u00e0 alle normative, la sicurezza degli operatori e la qualit\u00e0 dei prodotti finali. In D\u2019Alessandro il rispetto delle norme di sicurezza e la garanzia dei propri prodotti sono punti fermi dell\u2019attivit\u00e0 e testimoni della nostra professionalit\u00e0: ogni certificazione rappresenta il nostro impegno per garantire il miglior risultato, con affidabilit\u00e0 e responsabilit\u00e0.<\/p>\n<h2 style=\"text-align: center;\"><\/h2>\n<h2 style=\"text-align: center;\"><\/h2>\n<h2 style=\"text-align: center;\"><\/h2>\n<h2 style=\"text-align: center;\"><\/h2>\n<h2 style=\"text-align: center;\"><\/h2>\n<h2 style=\"text-align: center;\">le nostre certificazioni<\/h2>\n<p>[\/et_pb_text][\/et_pb_column][\/et_pb_row][et_pb_row column_structure=&#8221;1_5,1_5,1_5,1_5,1_5&#8243; use_custom_gutter=&#8221;on&#8221; gutter_width=&#8221;2&#8243; make_equal=&#8221;on&#8221; _builder_version=&#8221;4.27.4&#8243; _module_preset=&#8221;default&#8221; max_width=&#8221;2560px&#8221; global_colors_info=&#8221;{}&#8221;][et_pb_column type=&#8221;1_5&#8243; _builder_version=&#8221;4.27.4&#8243; _module_preset=&#8221;default&#8221; global_colors_info=&#8221;{}&#8221;][et_pb_blurb title=&#8221;Marcatura CE2018 Abicert &#8221; image=&#8221;https:\/\/prefabbricatidalessandro-codalfa.it\/dalessandro\/wp-content\/uploads\/2025\/06\/23-24-DAlessandro-pref.-cabine-signed.png&#8221; _builder_version=&#8221;4.27.4&#8243; _module_preset=&#8221;default&#8221; header_text_align=&#8221;center&#8221; global_colors_info=&#8221;{}&#8221;][\/et_pb_blurb][et_pb_button button_url=&#8221;https:\/\/prefabbricatidalessandro-codalfa.it\/dalessandro\/wp-content\/uploads\/2025\/06\/23-24-DAlessandro-pref.-cabine-signed.pdf&#8221; url_new_window=&#8221;on&#8221; button_text=&#8221;scarica la certificazione&#8221; button_alignment=&#8221;center&#8221; _builder_version=&#8221;4.27.4&#8243; _module_preset=&#8221;default&#8221; custom_button=&#8221;on&#8221; button_text_size=&#8221;16px&#8221; global_colors_info=&#8221;{}&#8221;][\/et_pb_button][\/et_pb_column][et_pb_column type=&#8221;1_5&#8243; _builder_version=&#8221;4.27.4&#8243; _module_preset=&#8221;default&#8221; global_colors_info=&#8221;{}&#8221;][et_pb_blurb title=&#8221;36200 &#8211; D&#8217;ALESSANDRO PREFABBRICATI SR&#8221; image=&#8221;https:\/\/prefabbricatidalessandro-codalfa.it\/dalessandro\/wp-content\/uploads\/2025\/06\/36200-DALESSANDRO-PREFABBRICATI-SR-1.png&#8221; _builder_version=&#8221;4.27.4&#8243; _module_preset=&#8221;default&#8221; header_text_align=&#8221;center&#8221; global_colors_info=&#8221;{}&#8221;][\/et_pb_blurb][et_pb_button button_url=&#8221;https:\/\/prefabbricatidalessandro-codalfa.it\/dalessandro\/wp-content\/uploads\/2025\/06\/36200-DALESSANDRO-PREFABBRICATI-SRL.pdf&#8221; url_new_window=&#8221;on&#8221; button_text=&#8221;scarica la certificazione&#8221; button_alignment=&#8221;center&#8221; _builder_version=&#8221;4.27.4&#8243; _module_preset=&#8221;default&#8221; custom_button=&#8221;on&#8221; button_text_size=&#8221;16px&#8221; global_colors_info=&#8221;{}&#8221;][\/et_pb_button][\/et_pb_column][et_pb_column type=&#8221;1_5&#8243; _builder_version=&#8221;4.27.4&#8243; _module_preset=&#8221;default&#8221; global_colors_info=&#8221;{}&#8221;][et_pb_blurb title=&#8221;Marcatura CE2018 Abicert certif &#8221; image=&#8221;https:\/\/prefabbricatidalessandro-codalfa.it\/dalessandro\/wp-content\/uploads\/2025\/06\/certificate-signed.png&#8221; _builder_version=&#8221;4.27.4&#8243; _module_preset=&#8221;default&#8221; header_text_align=&#8221;center&#8221; global_colors_info=&#8221;{}&#8221;][\/et_pb_blurb][et_pb_button button_url=&#8221;https:\/\/prefabbricatidalessandro-codalfa.it\/dalessandro\/wp-content\/uploads\/2025\/06\/certificate-signed.pdf&#8221; url_new_window=&#8221;on&#8221; button_text=&#8221;scarica la certificazione&#8221; button_alignment=&#8221;center&#8221; _builder_version=&#8221;4.27.4&#8243; _module_preset=&#8221;default&#8221; custom_button=&#8221;on&#8221; button_text_size=&#8221;16px&#8221; global_colors_info=&#8221;{}&#8221;][\/et_pb_button][\/et_pb_column][et_pb_column type=&#8221;1_5&#8243; _builder_version=&#8221;4.27.4&#8243; _module_preset=&#8221;default&#8221; global_colors_info=&#8221;{}&#8221;][et_pb_blurb title=&#8221;Marcatura CE2018 Abicert certif &#8221; image=&#8221;https:\/\/prefabbricatidalessandro-codalfa.it\/dalessandro\/wp-content\/uploads\/2026\/01\/Marcatura-CE2018-Abicert-certif-DALESSANDRO-PREF_1209.jpg&#8221; _builder_version=&#8221;4.27.5&#8243; _module_preset=&#8221;default&#8221; header_text_align=&#8221;center&#8221; hover_enabled=&#8221;0&#8243; global_colors_info=&#8221;{}&#8221; title_text=&#8221;Marcatura-CE2018-Abicert-certif-DALESSANDRO-PREF_1209&#8243; sticky_enabled=&#8221;0&#8243;][\/et_pb_blurb][et_pb_button button_url=&#8221;https:\/\/prefabbricatidalessandro-codalfa.it\/dalessandro\/wp-content\/uploads\/2026\/01\/ABICert_certificato-DALESSANDRO-PREFABBRICATI_1209-24.11.25.pdf&#8221; url_new_window=&#8221;on&#8221; button_text=&#8221;scarica la certificazione&#8221; button_alignment=&#8221;center&#8221; _builder_version=&#8221;4.27.5&#8243; _module_preset=&#8221;default&#8221; custom_button=&#8221;on&#8221; button_text_size=&#8221;16px&#8221; hover_enabled=&#8221;0&#8243; global_colors_info=&#8221;{}&#8221; sticky_enabled=&#8221;0&#8243;][\/et_pb_button][\/et_pb_column][et_pb_column type=&#8221;1_5&#8243; _builder_version=&#8221;4.27.4&#8243; _module_preset=&#8221;default&#8221; global_colors_info=&#8221;{}&#8221;][et_pb_blurb title=&#8221;Certif PC025A-DAPR-88 Rev. 1 &#8211; Italy&#8221; image=&#8221;https:\/\/prefabbricatidalessandro-codalfa.it\/dalessandro\/wp-content\/uploads\/2025\/06\/Certif-PC025A-DAPR-88-Rev.-1-del-15.03.2024-Italy.png&#8221; _builder_version=&#8221;4.27.4&#8243; _module_preset=&#8221;default&#8221; header_text_align=&#8221;center&#8221; global_colors_info=&#8221;{}&#8221;][\/et_pb_blurb][et_pb_button button_url=&#8221;https:\/\/prefabbricatidalessandro-codalfa.it\/dalessandro\/wp-content\/uploads\/2025\/06\/20250222-Certif-PC025A-DAPR-88-Rev.-1-del-15.03.2024-Italy-1.pdf&#8221; url_new_window=&#8221;on&#8221; button_text=&#8221;scarica la certificazione&#8221; button_alignment=&#8221;center&#8221; _builder_version=&#8221;4.27.4&#8243; _module_preset=&#8221;default&#8221; custom_button=&#8221;on&#8221; button_text_size=&#8221;16px&#8221; global_colors_info=&#8221;{}&#8221;][\/et_pb_button][\/et_pb_column][\/et_pb_row][\/et_pb_section]<\/p>\n","protected":false},"excerpt":{"rendered":"<p>CERTIFICAZIONI PREFABBRICATI IN CEMENTO: GARANZIA DI SICUREZZA E QUALIT\u00c0 Nel settore dei prefabbricati in cemento, le certificazioni rappresentano un elemento imprescindibile per garantire la conformit\u00e0 alle normative, la sicurezza degli operatori e la qualit\u00e0 dei prodotti finali. In D\u2019Alessandro il rispetto delle norme di sicurezza e la garanzia dei propri prodotti sono punti fermi dell\u2019attivit\u00e0 e testimoni della nostra professionalit\u00e0: ogni certificazione rappresenta il nostro impegno per garantire il miglior risultato, con affidabilit\u00e0 e responsabilit\u00e0. le nostre certificazioni<\/p>\n","protected":false},"author":1,"featured_media":0,"parent":0,"menu_order":0,"comment_status":"closed","ping_status":"closed","template":"","meta":{"_et_pb_use_builder":"on","_et_pb_old_content":"","_et_gb_content_width":"","footnotes":""},"class_list":["post-24","page","type-page","status-publish","hentry"],"yoast_head":"<!-- This site is optimized with the Yoast SEO plugin v26.8 - https:\/\/yoast.com\/product\/yoast-seo-wordpress\/ -->\n<title>qualit\u00e0 e sicurezza - Prefabbricati D&#039;Alessandro<\/title>\n<meta name=\"description\" content=\"Le certificazioni garantiscono la conformit\u00e0 alle normative, la sicurezza degli operatori e la qualit\u00e0 dei prodotti finali.\" \/>\n<meta name=\"robots\" content=\"index, follow, max-snippet:-1, max-image-preview:large, max-video-preview:-1\" \/>\n<link rel=\"canonical\" href=\"https:\/\/prefabbricatidalessandro-codalfa.it\/dalessandro\/qualita-e-sicurezza\/\" \/>\n<meta property=\"og:locale\" content=\"it_IT\" \/>\n<meta property=\"og:type\" content=\"article\" \/>\n<meta property=\"og:title\" content=\"qualit\u00e0 e sicurezza - Prefabbricati D&#039;Alessandro\" \/>\n<meta property=\"og:description\" content=\"Le certificazioni garantiscono la conformit\u00e0 alle normative, la sicurezza degli operatori e la qualit\u00e0 dei prodotti finali.\" \/>\n<meta property=\"og:url\" content=\"https:\/\/prefabbricatidalessandro-codalfa.it\/dalessandro\/qualita-e-sicurezza\/\" \/>\n<meta property=\"og:site_name\" content=\"Prefabbricati D&#039;Alessandro\" \/>\n<meta property=\"article:modified_time\" content=\"2026-01-27T13:30:26+00:00\" \/>\n<meta name=\"twitter:card\" content=\"summary_large_image\" \/>\n<meta name=\"twitter:label1\" content=\"Tempo di lettura stimato\" \/>\n\t<meta name=\"twitter:data1\" content=\"2 minuti\" \/>\n<script type=\"application\/ld+json\" class=\"yoast-schema-graph\">{\"@context\":\"https:\/\/schema.org\",\"@graph\":[{\"@type\":\"WebPage\",\"@id\":\"https:\/\/prefabbricatidalessandro-codalfa.it\/dalessandro\/qualita-e-sicurezza\/\",\"url\":\"https:\/\/prefabbricatidalessandro-codalfa.it\/dalessandro\/qualita-e-sicurezza\/\",\"name\":\"qualit\u00e0 e sicurezza - Prefabbricati D&#039;Alessandro\",\"isPartOf\":{\"@id\":\"https:\/\/prefabbricatidalessandro-codalfa.it\/dalessandro\/#website\"},\"datePublished\":\"2025-04-17T21:33:57+00:00\",\"dateModified\":\"2026-01-27T13:30:26+00:00\",\"description\":\"Le certificazioni garantiscono la conformit\u00e0 alle normative, la sicurezza degli operatori e la qualit\u00e0 dei prodotti finali.\",\"breadcrumb\":{\"@id\":\"https:\/\/prefabbricatidalessandro-codalfa.it\/dalessandro\/qualita-e-sicurezza\/#breadcrumb\"},\"inLanguage\":\"it-IT\",\"potentialAction\":[{\"@type\":\"ReadAction\",\"target\":[\"https:\/\/prefabbricatidalessandro-codalfa.it\/dalessandro\/qualita-e-sicurezza\/\"]}]},{\"@type\":\"BreadcrumbList\",\"@id\":\"https:\/\/prefabbricatidalessandro-codalfa.it\/dalessandro\/qualita-e-sicurezza\/#breadcrumb\",\"itemListElement\":[{\"@type\":\"ListItem\",\"position\":1,\"name\":\"Home\",\"item\":\"https:\/\/prefabbricatidalessandro-codalfa.it\/dalessandro\/\"},{\"@type\":\"ListItem\",\"position\":2,\"name\":\"qualit\u00e0 e sicurezza\"}]},{\"@type\":\"WebSite\",\"@id\":\"https:\/\/prefabbricatidalessandro-codalfa.it\/dalessandro\/#website\",\"url\":\"https:\/\/prefabbricatidalessandro-codalfa.it\/dalessandro\/\",\"name\":\"Prefabbricati D&#039;Alessandro\",\"description\":\"Prefabbricati agricoli, civili, industriali. Cabine elettriche e balneari.\",\"potentialAction\":[{\"@type\":\"SearchAction\",\"target\":{\"@type\":\"EntryPoint\",\"urlTemplate\":\"https:\/\/prefabbricatidalessandro-codalfa.it\/dalessandro\/?s={search_term_string}\"},\"query-input\":{\"@type\":\"PropertyValueSpecification\",\"valueRequired\":true,\"valueName\":\"search_term_string\"}}],\"inLanguage\":\"it-IT\"}]}<\/script>\n<!-- \/ Yoast SEO plugin. -->","yoast_head_json":{"title":"qualit\u00e0 e sicurezza - Prefabbricati D&#039;Alessandro","description":"Le certificazioni garantiscono la conformit\u00e0 alle normative, la sicurezza degli operatori e la qualit\u00e0 dei prodotti finali.","robots":{"index":"index","follow":"follow","max-snippet":"max-snippet:-1","max-image-preview":"max-image-preview:large","max-video-preview":"max-video-preview:-1"},"canonical":"https:\/\/prefabbricatidalessandro-codalfa.it\/dalessandro\/qualita-e-sicurezza\/","og_locale":"it_IT","og_type":"article","og_title":"qualit\u00e0 e sicurezza - Prefabbricati D&#039;Alessandro","og_description":"Le certificazioni garantiscono la conformit\u00e0 alle normative, la sicurezza degli operatori e la qualit\u00e0 dei prodotti finali.","og_url":"https:\/\/prefabbricatidalessandro-codalfa.it\/dalessandro\/qualita-e-sicurezza\/","og_site_name":"Prefabbricati D&#039;Alessandro","article_modified_time":"2026-01-27T13:30:26+00:00","twitter_card":"summary_large_image","twitter_misc":{"Tempo di lettura stimato":"2 minuti"},"schema":{"@context":"https:\/\/schema.org","@graph":[{"@type":"WebPage","@id":"https:\/\/prefabbricatidalessandro-codalfa.it\/dalessandro\/qualita-e-sicurezza\/","url":"https:\/\/prefabbricatidalessandro-codalfa.it\/dalessandro\/qualita-e-sicurezza\/","name":"qualit\u00e0 e sicurezza - Prefabbricati D&#039;Alessandro","isPartOf":{"@id":"https:\/\/prefabbricatidalessandro-codalfa.it\/dalessandro\/#website"},"datePublished":"2025-04-17T21:33:57+00:00","dateModified":"2026-01-27T13:30:26+00:00","description":"Le certificazioni garantiscono la conformit\u00e0 alle normative, la sicurezza degli operatori e la qualit\u00e0 dei prodotti finali.","breadcrumb":{"@id":"https:\/\/prefabbricatidalessandro-codalfa.it\/dalessandro\/qualita-e-sicurezza\/#breadcrumb"},"inLanguage":"it-IT","potentialAction":[{"@type":"ReadAction","target":["https:\/\/prefabbricatidalessandro-codalfa.it\/dalessandro\/qualita-e-sicurezza\/"]}]},{"@type":"BreadcrumbList","@id":"https:\/\/prefabbricatidalessandro-codalfa.it\/dalessandro\/qualita-e-sicurezza\/#breadcrumb","itemListElement":[{"@type":"ListItem","position":1,"name":"Home","item":"https:\/\/prefabbricatidalessandro-codalfa.it\/dalessandro\/"},{"@type":"ListItem","position":2,"name":"qualit\u00e0 e sicurezza"}]},{"@type":"WebSite","@id":"https:\/\/prefabbricatidalessandro-codalfa.it\/dalessandro\/#website","url":"https:\/\/prefabbricatidalessandro-codalfa.it\/dalessandro\/","name":"Prefabbricati D&#039;Alessandro","description":"Prefabbricati agricoli, civili, industriali. Cabine elettriche e balneari.","potentialAction":[{"@type":"SearchAction","target":{"@type":"EntryPoint","urlTemplate":"https:\/\/prefabbricatidalessandro-codalfa.it\/dalessandro\/?s={search_term_string}"},"query-input":{"@type":"PropertyValueSpecification","valueRequired":true,"valueName":"search_term_string"}}],"inLanguage":"it-IT"}]}},"_links":{"self":[{"href":"https:\/\/prefabbricatidalessandro-codalfa.it\/dalessandro\/wp-json\/wp\/v2\/pages\/24","targetHints":{"allow":["GET"]}}],"collection":[{"href":"https:\/\/prefabbricatidalessandro-codalfa.it\/dalessandro\/wp-json\/wp\/v2\/pages"}],"about":[{"href":"https:\/\/prefabbricatidalessandro-codalfa.it\/dalessandro\/wp-json\/wp\/v2\/types\/page"}],"author":[{"embeddable":true,"href":"https:\/\/prefabbricatidalessandro-codalfa.it\/dalessandro\/wp-json\/wp\/v2\/users\/1"}],"replies":[{"embeddable":true,"href":"https:\/\/prefabbricatidalessandro-codalfa.it\/dalessandro\/wp-json\/wp\/v2\/comments?post=24"}],"version-history":[{"count":12,"href":"https:\/\/prefabbricatidalessandro-codalfa.it\/dalessandro\/wp-json\/wp\/v2\/pages\/24\/revisions"}],"predecessor-version":[{"id":494,"href":"https:\/\/prefabbricatidalessandro-codalfa.it\/dalessandro\/wp-json\/wp\/v2\/pages\/24\/revisions\/494"}],"wp:attachment":[{"href":"https:\/\/prefabbricatidalessandro-codalfa.it\/dalessandro\/wp-json\/wp\/v2\/media?parent=24"}],"curies":[{"name":"wp","href":"https:\/\/api.w.org\/{rel}","templated":true}]}}