{"id":26,"date":"2025-04-17T21:34:26","date_gmt":"2025-04-17T21:34:26","guid":{"rendered":"https:\/\/prefabbricatidalessandro-codalfa.it\/dalessandro\/?page_id=26"},"modified":"2025-06-30T16:06:43","modified_gmt":"2025-06-30T16:06:43","slug":"prefabbricati-di-valore-2","status":"publish","type":"page","link":"https:\/\/prefabbricatidalessandro-codalfa.it\/dalessandro\/prefabbricati-di-valore-2\/","title":{"rendered":"prefabbricati  di valore"},"content":{"rendered":"<p>[et_pb_section fb_built=&#8221;1&#8243; _builder_version=&#8221;4.27.4&#8243; _module_preset=&#8221;default&#8221; custom_padding=&#8221;3px||11px|||&#8221; global_colors_info=&#8221;{}&#8221;][et_pb_row use_custom_gutter=&#8221;on&#8221; make_equal=&#8221;on&#8221; _builder_version=&#8221;4.27.4&#8243; _module_preset=&#8221;default&#8221; width=&#8221;100%&#8221; max_width=&#8221;2560px&#8221; custom_padding=&#8221;3px|||||&#8221; global_colors_info=&#8221;{}&#8221;][et_pb_column type=&#8221;4_4&#8243; _builder_version=&#8221;4.27.4&#8243; _module_preset=&#8221;default&#8221; global_colors_info=&#8221;{}&#8221;][et_pb_image src=&#8221;https:\/\/prefabbricatidalessandro-codalfa.it\/dalessandro\/wp-content\/uploads\/2025\/05\/i-nostri-valori-3.jpg&#8221; title_text=&#8221;i-nostri-valori-3&#8243; _builder_version=&#8221;4.27.4&#8243; _module_preset=&#8221;default&#8221; global_colors_info=&#8221;{}&#8221;][\/et_pb_image][\/et_pb_column][\/et_pb_row][et_pb_row _builder_version=&#8221;4.27.4&#8243; _module_preset=&#8221;default&#8221; global_colors_info=&#8221;{}&#8221;][et_pb_column type=&#8221;4_4&#8243; _builder_version=&#8221;4.27.4&#8243; _module_preset=&#8221;default&#8221; global_colors_info=&#8221;{}&#8221;][et_pb_text _builder_version=&#8221;4.27.4&#8243; _module_preset=&#8221;default&#8221; global_colors_info=&#8221;{}&#8221;]<\/p>\n<h1 style=\"text-align: center;\"><b>PREFABBRICATI: SCELTA SICURA E SOSTENIBILE<\/b><\/h1>\n<p>[\/et_pb_text][et_pb_text _builder_version=&#8221;4.27.4&#8243; _module_preset=&#8221;default&#8221; text_font_size=&#8221;20px&#8221; global_colors_info=&#8221;{}&#8221;]<\/p>\n<p style=\"text-align: center;\">Realizzare soluzioni prefabbricate che durino nel tempo, combinando estetica e funzionalit\u00e0, \u00e8 la nostra mission, ma anche il nostro contributo per costruire un <b>futuro pi\u00f9 sicuro e sostenibile<\/b>. Per questo ci impegniamo ogni giorno per offrirvi il miglior risultato, continuando ad investire in ricerca ed innovazione e mettendovi a disposizione tutta la nostra esperienza.<\/p>\n<p>[\/et_pb_text][\/et_pb_column][\/et_pb_row][et_pb_row column_structure=&#8221;1_2,1_2&#8243; use_custom_gutter=&#8221;on&#8221; gutter_width=&#8221;1&#8243; make_equal=&#8221;on&#8221; _builder_version=&#8221;4.27.4&#8243; _module_preset=&#8221;default&#8221; width=&#8221;100%&#8221; max_width=&#8221;2560px&#8221; global_colors_info=&#8221;{}&#8221;][et_pb_column type=&#8221;1_2&#8243; _builder_version=&#8221;4.27.4&#8243; _module_preset=&#8221;default&#8221; global_colors_info=&#8221;{}&#8221;][et_pb_image src=&#8221;https:\/\/prefabbricatidalessandro-codalfa.it\/dalessandro\/wp-content\/uploads\/2025\/05\/chi-siamo-codalfa_01.jpg&#8221; title_text=&#8221;chi-siamo-codalfa_01&#8243; _builder_version=&#8221;4.27.4&#8243; _module_preset=&#8221;default&#8221; custom_margin=&#8221;||-12px|||&#8221; global_colors_info=&#8221;{}&#8221;][\/et_pb_image][\/et_pb_column][et_pb_column type=&#8221;1_2&#8243; _builder_version=&#8221;4.27.4&#8243; _module_preset=&#8221;default&#8221; global_colors_info=&#8221;{}&#8221;][et_pb_text _builder_version=&#8221;4.27.4&#8243; _module_preset=&#8221;default&#8221; custom_margin=&#8221;90px|185px|40px|50px|false|false&#8221; custom_padding=&#8221;|50px|||false|false&#8221; global_colors_info=&#8221;{}&#8221;]<\/p>\n<h3><b>TEMPI RIDOTTI E PIANIFICAZIONE OTTIMALE<\/b><\/h3>\n<p>[\/et_pb_text][et_pb_text _builder_version=&#8221;4.27.4&#8243; _module_preset=&#8221;default&#8221; text_font_size=&#8221;19px&#8221; custom_margin=&#8221;0px|185px||50px|false|false&#8221; custom_padding=&#8221;|50px|||false|false&#8221; global_colors_info=&#8221;{}&#8221;]<\/p>\n<p style=\"text-align: justify;\">I prefabbricati in cemento rappresentano una soluzione innovativa nel panorama dell&#8217;edilizia moderna. Queste strutture, grazie alla loro natura modulare e flessibile, offrono numerosi vantaggi rispetto alle costruzioni tradizionali e hanno un impatto minimo sull\u2019ambiente.<\/p>\n<p style=\"text-align: justify;\">La produzione degli elementi strutturali in fabbrica e il loro successivo assemblaggio in loco incidono in modo positivo sui modi e tempi di costruzione, garantendo <strong>pi\u00f9 controllo sui progetti ed evitando eventuali contrattempi.<\/strong><\/p>\n<p style=\"text-align: justify;\">Infatti, la produzione dei componenti in stabilimento consente un uso preciso ed efficiente delle risorse, <strong>eliminando sprechi di materiali<\/strong> e <strong>non aggiungendo costi<\/strong> al budget preventivato.<\/p>\n<p>[\/et_pb_text][\/et_pb_column][\/et_pb_row][et_pb_row column_structure=&#8221;1_2,1_2&#8243; use_custom_gutter=&#8221;on&#8221; gutter_width=&#8221;1&#8243; make_equal=&#8221;on&#8221; _builder_version=&#8221;4.27.4&#8243; _module_preset=&#8221;default&#8221; width=&#8221;100%&#8221; max_width=&#8221;2560px&#8221; custom_margin=&#8221;-16px|auto|-5px|auto||&#8221; custom_padding=&#8221;1px||0px|||&#8221; global_colors_info=&#8221;{}&#8221;][et_pb_column type=&#8221;1_2&#8243; _builder_version=&#8221;4.27.4&#8243; _module_preset=&#8221;default&#8221; background_color=&#8221;#abc910&#8243; global_colors_info=&#8221;{}&#8221;][et_pb_text _builder_version=&#8221;4.27.4&#8243; _module_preset=&#8221;default&#8221; custom_margin=&#8221;40px|50px||185px|false|false&#8221; global_colors_info=&#8221;{}&#8221;]<\/p>\n<h3>SOSTENIBILIT\u00e0 IN PRIMO PIANO<\/h3>\n<p>[\/et_pb_text][et_pb_text _builder_version=&#8221;4.27.4&#8243; _module_preset=&#8221;default&#8221; text_text_color=&#8221;#FFFFFF&#8221; text_font_size=&#8221;19px&#8221; custom_margin=&#8221;1px|50px||185px|false|false&#8221; global_colors_info=&#8221;{}&#8221;]<\/p>\n<p style=\"text-align: justify;\">Optare per una costruzione prefabbricata rappresenta una <strong>decisione consapevole verso un&#8217;edilizia pi\u00f9 sostenibile<\/strong>, poich\u00e9 il processo stesso di prefabbricazione \u00e8 progettato per ridurre al minimo l&#8217;impatto ambientale.<\/p>\n<p style=\"text-align: justify;\">Questo approccio permette un <strong>risparmio importante di risorse<\/strong>, promuovendo un modello di costruzione rispettoso dell&#8217;ambiente. Gli stessi trasporti legati alla costruzione, ad esempio, partecipano alla lotta contro l&#8217;inquinamento, riducendo le emissioni di CO\u2082, grazie all&#8217;ottimizzazione della movimentazione di materiali e attrezzature.<\/p>\n<p style=\"text-align: justify;\">Le strutture prefabbricate brillano, inoltre,\u00a0 per le elevate <strong>prestazioni energetiche<\/strong>, che possono integrare sistemi di isolamento avanzati e tecnologie efficaci per ridurre significativamente il consumo di energia.<\/p>\n<p>[\/et_pb_text][\/et_pb_column][et_pb_column type=&#8221;1_2&#8243; _builder_version=&#8221;4.27.4&#8243; _module_preset=&#8221;default&#8221; global_colors_info=&#8221;{}&#8221;][et_pb_image src=&#8221;https:\/\/prefabbricatidalessandro-codalfa.it\/dalessandro\/wp-content\/uploads\/2025\/05\/prefabbricati.jpg&#8221; title_text=&#8221;prefabbricati&#8221; _builder_version=&#8221;4.27.4&#8243; _module_preset=&#8221;default&#8221; global_colors_info=&#8221;{}&#8221;][\/et_pb_image][\/et_pb_column][\/et_pb_row][et_pb_row column_structure=&#8221;1_2,1_2&#8243; use_custom_gutter=&#8221;on&#8221; gutter_width=&#8221;1&#8243; make_equal=&#8221;on&#8221; _builder_version=&#8221;4.27.4&#8243; _module_preset=&#8221;default&#8221; width=&#8221;100%&#8221; max_width=&#8221;2560px&#8221; custom_padding=&#8221;2px|||||&#8221; global_colors_info=&#8221;{}&#8221;][et_pb_column type=&#8221;1_2&#8243; _builder_version=&#8221;4.27.4&#8243; _module_preset=&#8221;default&#8221; global_colors_info=&#8221;{}&#8221;][et_pb_image src=&#8221;https:\/\/prefabbricatidalessandro-codalfa.it\/dalessandro\/wp-content\/uploads\/2025\/05\/chi-siamo-codalfa_02.jpg&#8221; title_text=&#8221;chi-siamo-codalfa_02&#8243; _builder_version=&#8221;4.27.4&#8243; _module_preset=&#8221;default&#8221; global_colors_info=&#8221;{}&#8221;][\/et_pb_image][\/et_pb_column][et_pb_column type=&#8221;1_2&#8243; _builder_version=&#8221;4.27.4&#8243; _module_preset=&#8221;default&#8221; global_colors_info=&#8221;{}&#8221;][et_pb_text _builder_version=&#8221;4.27.4&#8243; _module_preset=&#8221;default&#8221; custom_margin=&#8221;90px|185px||50px|false|false&#8221; custom_padding=&#8221;|50px|||false|false&#8221; global_colors_info=&#8221;{}&#8221;]<\/p>\n<h2 style=\"text-align: left;\">Perch\u00e9 sceglierci come partner per i vostri Prefabbricati?<\/h2>\n<p>[\/et_pb_text][et_pb_text _builder_version=&#8221;4.27.4&#8243; _module_preset=&#8221;default&#8221; text_line_height=&#8221;2.6em&#8221; header_2_font=&#8221;|||on|||||&#8221; header_3_font=&#8221;||||||||&#8221; header_3_text_align=&#8221;left&#8221; custom_margin=&#8221;1px|185px||50px|false|false&#8221; custom_padding=&#8221;|50px|||false|false&#8221; global_colors_info=&#8221;{}&#8221;]<\/p>\n<p><strong>\u00a0<\/strong><\/p>\n<ul>\n<li style=\"text-align: justify;\">\n<h3><strong>Costruzione e installazione a tempo di record.<\/strong><\/h3>\n<\/li>\n<li style=\"text-align: justify;\">\n<h3><strong>Riduzione significativa dei costi di realizzazione.<\/strong><\/h3>\n<\/li>\n<li style=\"text-align: justify;\">\n<h3><strong>Solidit\u00e0 delle strutture e durata nel tempo.<\/strong><\/h3>\n<\/li>\n<li style=\"text-align: justify;\">\n<h3><strong>Estrema flessibilit\u00e0 nelle soluzioni e personalizzazione garantita.<\/strong><\/h3>\n<\/li>\n<li style=\"text-align: justify;\">\n<h3><strong>Solidit\u00e0 antisismica e rispetto per l\u2019ambiente.<\/strong><\/h3>\n<\/li>\n<li style=\"text-align: justify;\">\n<h3><strong>Competenza ed esperienza sempre a disposizione.<\/strong><\/h3>\n<\/li>\n<\/ul>\n<p>[\/et_pb_text][\/et_pb_column][\/et_pb_row][et_pb_row use_custom_gutter=&#8221;on&#8221; gutter_width=&#8221;1&#8243; make_equal=&#8221;on&#8221; _builder_version=&#8221;4.27.4&#8243; _module_preset=&#8221;default&#8221; width=&#8221;100%&#8221; max_width=&#8221;2560px&#8221; min_height=&#8221;526px&#8221; height=&#8221;526px&#8221; custom_padding=&#8221;0px||0px|||&#8221; locked=&#8221;off&#8221; global_colors_info=&#8221;{}&#8221;][et_pb_column type=&#8221;4_4&#8243; _builder_version=&#8221;4.27.4&#8243; _module_preset=&#8221;default&#8221; background_color=&#8221;#1959a6&#8243; background_image=&#8221;https:\/\/prefabbricatidalessandro-codalfa.it\/dalessandro\/wp-content\/uploads\/2025\/05\/prefabbricati-di-valore.jpg&#8221; global_colors_info=&#8221;{}&#8221;][et_pb_text _builder_version=&#8221;4.27.4&#8243; _module_preset=&#8221;default&#8221; text_text_color=&#8221;#FFFFFF&#8221; text_font_size=&#8221;16px&#8221; header_text_align=&#8221;center&#8221; header_2_text_align=&#8221;center&#8221; header_2_text_color=&#8221;#FFFFFF&#8221; custom_padding=&#8221;120px|120px||220px|false|false&#8221; global_colors_info=&#8221;{}&#8221;]<\/p>\n<h1>realizza con noi il tuo progetto<\/h1>\n<p>[\/et_pb_text][et_pb_button button_url=&#8221;https:\/\/prefabbricatidalessandro-codalfa.it\/dalessandro\/contatti\/&#8221; button_text=&#8221;Chiedi un preventivo&#8221; button_alignment=&#8221;center&#8221; _builder_version=&#8221;4.27.4&#8243; _module_preset=&#8221;default&#8221; custom_button=&#8221;on&#8221; button_text_size=&#8221;20px&#8221; button_text_color=&#8221;#0C71C3&#8243; button_icon=&#8221;&#xe010;||divi||400&#8243; button_icon_color=&#8221;#0C71C3&#8243; custom_margin=&#8221;30px||||false|false&#8221; global_colors_info=&#8221;{}&#8221;][\/et_pb_button][\/et_pb_column][\/et_pb_row][\/et_pb_section]<\/p>\n","protected":false},"excerpt":{"rendered":"<p>PREFABBRICATI: SCELTA SICURA E SOSTENIBILERealizzare soluzioni prefabbricate che durino nel tempo, combinando estetica e funzionalit\u00e0, \u00e8 la nostra mission, ma anche il nostro contributo per costruire un futuro pi\u00f9 sicuro e sostenibile. Per questo ci impegniamo ogni giorno per offrirvi il miglior risultato, continuando ad investire in ricerca ed innovazione e mettendovi a disposizione tutta la nostra esperienza.TEMPI RIDOTTI E PIANIFICAZIONE OTTIMALEI prefabbricati in cemento rappresentano una soluzione innovativa nel panorama dell&#8217;edilizia moderna. Queste strutture, grazie alla loro natura modulare e flessibile, offrono numerosi vantaggi rispetto alle costruzioni tradizionali e hanno un impatto minimo sull\u2019ambiente. La produzione degli elementi strutturali in fabbrica e il loro successivo assemblaggio in loco incidono in modo positivo sui modi e tempi di costruzione, garantendo pi\u00f9 controllo sui progetti ed evitando eventuali contrattempi. Infatti, la produzione dei componenti in stabilimento consente un uso preciso ed efficiente delle risorse, eliminando sprechi di materiali e non aggiungendo costi al budget preventivato.SOSTENIBILIT\u00e0 IN PRIMO PIANOOptare per una costruzione prefabbricata rappresenta una decisione consapevole verso un&#8217;edilizia pi\u00f9 sostenibile, poich\u00e9 il processo stesso di prefabbricazione \u00e8 progettato per ridurre al minimo l&#8217;impatto ambientale. Questo approccio permette un risparmio importante di risorse, promuovendo un modello di costruzione rispettoso dell&#8217;ambiente. Gli stessi [&hellip;]<\/p>\n","protected":false},"author":1,"featured_media":0,"parent":0,"menu_order":0,"comment_status":"closed","ping_status":"closed","template":"","meta":{"_et_pb_use_builder":"on","_et_pb_old_content":"","_et_gb_content_width":"","footnotes":""},"class_list":["post-26","page","type-page","status-publish","hentry"],"yoast_head":"<!-- This site is optimized with the Yoast SEO plugin v26.8 - https:\/\/yoast.com\/product\/yoast-seo-wordpress\/ -->\n<title>prefabbricati di valore - Prefabbricati D&#039;Alessandro<\/title>\n<meta name=\"description\" content=\"Realizziamo soluzioni prefabbricate che durino nel tempo, combinando estetica e funzionalit\u00e0, per un futuro pi\u00f9 sicuro e sostenibile.\" \/>\n<meta name=\"robots\" content=\"index, follow, max-snippet:-1, max-image-preview:large, max-video-preview:-1\" \/>\n<link rel=\"canonical\" href=\"https:\/\/prefabbricatidalessandro-codalfa.it\/dalessandro\/prefabbricati-di-valore-2\/\" \/>\n<meta property=\"og:locale\" content=\"it_IT\" \/>\n<meta property=\"og:type\" content=\"article\" \/>\n<meta property=\"og:title\" content=\"prefabbricati di valore - Prefabbricati D&#039;Alessandro\" \/>\n<meta property=\"og:description\" content=\"Realizziamo soluzioni prefabbricate che durino nel tempo, combinando estetica e funzionalit\u00e0, per un futuro pi\u00f9 sicuro e sostenibile.\" \/>\n<meta property=\"og:url\" content=\"https:\/\/prefabbricatidalessandro-codalfa.it\/dalessandro\/prefabbricati-di-valore-2\/\" \/>\n<meta property=\"og:site_name\" content=\"Prefabbricati D&#039;Alessandro\" \/>\n<meta property=\"article:modified_time\" content=\"2025-06-30T16:06:43+00:00\" \/>\n<meta name=\"twitter:card\" content=\"summary_large_image\" \/>\n<meta name=\"twitter:label1\" content=\"Tempo di lettura stimato\" \/>\n\t<meta name=\"twitter:data1\" content=\"3 minuti\" \/>\n<script type=\"application\/ld+json\" class=\"yoast-schema-graph\">{\"@context\":\"https:\/\/schema.org\",\"@graph\":[{\"@type\":\"WebPage\",\"@id\":\"https:\/\/prefabbricatidalessandro-codalfa.it\/dalessandro\/prefabbricati-di-valore-2\/\",\"url\":\"https:\/\/prefabbricatidalessandro-codalfa.it\/dalessandro\/prefabbricati-di-valore-2\/\",\"name\":\"prefabbricati di valore - Prefabbricati D&#039;Alessandro\",\"isPartOf\":{\"@id\":\"https:\/\/prefabbricatidalessandro-codalfa.it\/dalessandro\/#website\"},\"datePublished\":\"2025-04-17T21:34:26+00:00\",\"dateModified\":\"2025-06-30T16:06:43+00:00\",\"description\":\"Realizziamo soluzioni prefabbricate che durino nel tempo, combinando estetica e funzionalit\u00e0, per un futuro pi\u00f9 sicuro e sostenibile.\",\"breadcrumb\":{\"@id\":\"https:\/\/prefabbricatidalessandro-codalfa.it\/dalessandro\/prefabbricati-di-valore-2\/#breadcrumb\"},\"inLanguage\":\"it-IT\",\"potentialAction\":[{\"@type\":\"ReadAction\",\"target\":[\"https:\/\/prefabbricatidalessandro-codalfa.it\/dalessandro\/prefabbricati-di-valore-2\/\"]}]},{\"@type\":\"BreadcrumbList\",\"@id\":\"https:\/\/prefabbricatidalessandro-codalfa.it\/dalessandro\/prefabbricati-di-valore-2\/#breadcrumb\",\"itemListElement\":[{\"@type\":\"ListItem\",\"position\":1,\"name\":\"Home\",\"item\":\"https:\/\/prefabbricatidalessandro-codalfa.it\/dalessandro\/\"},{\"@type\":\"ListItem\",\"position\":2,\"name\":\"prefabbricati di valore\"}]},{\"@type\":\"WebSite\",\"@id\":\"https:\/\/prefabbricatidalessandro-codalfa.it\/dalessandro\/#website\",\"url\":\"https:\/\/prefabbricatidalessandro-codalfa.it\/dalessandro\/\",\"name\":\"Prefabbricati D&#039;Alessandro\",\"description\":\"Prefabbricati agricoli, civili, industriali. Cabine elettriche e balneari.\",\"potentialAction\":[{\"@type\":\"SearchAction\",\"target\":{\"@type\":\"EntryPoint\",\"urlTemplate\":\"https:\/\/prefabbricatidalessandro-codalfa.it\/dalessandro\/?s={search_term_string}\"},\"query-input\":{\"@type\":\"PropertyValueSpecification\",\"valueRequired\":true,\"valueName\":\"search_term_string\"}}],\"inLanguage\":\"it-IT\"}]}<\/script>\n<!-- \/ Yoast SEO plugin. -->","yoast_head_json":{"title":"prefabbricati di valore - Prefabbricati D&#039;Alessandro","description":"Realizziamo soluzioni prefabbricate che durino nel tempo, combinando estetica e funzionalit\u00e0, per un futuro pi\u00f9 sicuro e sostenibile.","robots":{"index":"index","follow":"follow","max-snippet":"max-snippet:-1","max-image-preview":"max-image-preview:large","max-video-preview":"max-video-preview:-1"},"canonical":"https:\/\/prefabbricatidalessandro-codalfa.it\/dalessandro\/prefabbricati-di-valore-2\/","og_locale":"it_IT","og_type":"article","og_title":"prefabbricati di valore - Prefabbricati D&#039;Alessandro","og_description":"Realizziamo soluzioni prefabbricate che durino nel tempo, combinando estetica e funzionalit\u00e0, per un futuro pi\u00f9 sicuro e sostenibile.","og_url":"https:\/\/prefabbricatidalessandro-codalfa.it\/dalessandro\/prefabbricati-di-valore-2\/","og_site_name":"Prefabbricati D&#039;Alessandro","article_modified_time":"2025-06-30T16:06:43+00:00","twitter_card":"summary_large_image","twitter_misc":{"Tempo di lettura stimato":"3 minuti"},"schema":{"@context":"https:\/\/schema.org","@graph":[{"@type":"WebPage","@id":"https:\/\/prefabbricatidalessandro-codalfa.it\/dalessandro\/prefabbricati-di-valore-2\/","url":"https:\/\/prefabbricatidalessandro-codalfa.it\/dalessandro\/prefabbricati-di-valore-2\/","name":"prefabbricati di valore - Prefabbricati D&#039;Alessandro","isPartOf":{"@id":"https:\/\/prefabbricatidalessandro-codalfa.it\/dalessandro\/#website"},"datePublished":"2025-04-17T21:34:26+00:00","dateModified":"2025-06-30T16:06:43+00:00","description":"Realizziamo soluzioni prefabbricate che durino nel tempo, combinando estetica e funzionalit\u00e0, per un futuro pi\u00f9 sicuro e sostenibile.","breadcrumb":{"@id":"https:\/\/prefabbricatidalessandro-codalfa.it\/dalessandro\/prefabbricati-di-valore-2\/#breadcrumb"},"inLanguage":"it-IT","potentialAction":[{"@type":"ReadAction","target":["https:\/\/prefabbricatidalessandro-codalfa.it\/dalessandro\/prefabbricati-di-valore-2\/"]}]},{"@type":"BreadcrumbList","@id":"https:\/\/prefabbricatidalessandro-codalfa.it\/dalessandro\/prefabbricati-di-valore-2\/#breadcrumb","itemListElement":[{"@type":"ListItem","position":1,"name":"Home","item":"https:\/\/prefabbricatidalessandro-codalfa.it\/dalessandro\/"},{"@type":"ListItem","position":2,"name":"prefabbricati di valore"}]},{"@type":"WebSite","@id":"https:\/\/prefabbricatidalessandro-codalfa.it\/dalessandro\/#website","url":"https:\/\/prefabbricatidalessandro-codalfa.it\/dalessandro\/","name":"Prefabbricati D&#039;Alessandro","description":"Prefabbricati agricoli, civili, industriali. Cabine elettriche e balneari.","potentialAction":[{"@type":"SearchAction","target":{"@type":"EntryPoint","urlTemplate":"https:\/\/prefabbricatidalessandro-codalfa.it\/dalessandro\/?s={search_term_string}"},"query-input":{"@type":"PropertyValueSpecification","valueRequired":true,"valueName":"search_term_string"}}],"inLanguage":"it-IT"}]}},"_links":{"self":[{"href":"https:\/\/prefabbricatidalessandro-codalfa.it\/dalessandro\/wp-json\/wp\/v2\/pages\/26","targetHints":{"allow":["GET"]}}],"collection":[{"href":"https:\/\/prefabbricatidalessandro-codalfa.it\/dalessandro\/wp-json\/wp\/v2\/pages"}],"about":[{"href":"https:\/\/prefabbricatidalessandro-codalfa.it\/dalessandro\/wp-json\/wp\/v2\/types\/page"}],"author":[{"embeddable":true,"href":"https:\/\/prefabbricatidalessandro-codalfa.it\/dalessandro\/wp-json\/wp\/v2\/users\/1"}],"replies":[{"embeddable":true,"href":"https:\/\/prefabbricatidalessandro-codalfa.it\/dalessandro\/wp-json\/wp\/v2\/comments?post=26"}],"version-history":[{"count":14,"href":"https:\/\/prefabbricatidalessandro-codalfa.it\/dalessandro\/wp-json\/wp\/v2\/pages\/26\/revisions"}],"predecessor-version":[{"id":455,"href":"https:\/\/prefabbricatidalessandro-codalfa.it\/dalessandro\/wp-json\/wp\/v2\/pages\/26\/revisions\/455"}],"wp:attachment":[{"href":"https:\/\/prefabbricatidalessandro-codalfa.it\/dalessandro\/wp-json\/wp\/v2\/media?parent=26"}],"curies":[{"name":"wp","href":"https:\/\/api.w.org\/{rel}","templated":true}]}}